{"id":373,"date":"2024-05-16T13:22:24","date_gmt":"2024-05-16T13:22:24","guid":{"rendered":"https:\/\/vohrum.com\/?page_id=373"},"modified":"2024-05-16T23:23:30","modified_gmt":"2024-05-16T23:23:30","slug":"vohrum-kummert-sich","status":"publish","type":"page","link":"https:\/\/vohrum.com\/de\/vohrum-kummert-sich\/","title":{"rendered":"Vohrum Cares: Unser Engagement f\u00fcr Nachhaltigkeit"},"content":{"rendered":"<figure class=\"wp-block-image aligncenter size-large\"><img fetchpriority=\"high\" decoding=\"async\" width=\"1024\" height=\"323\" src=\"https:\/\/vohrum.com\/wp-content\/uploads\/2024\/05\/VohrumCares-01-small-1024x323.png\" alt=\"\" class=\"wp-image-383\" srcset=\"https:\/\/vohrum.com\/wp-content\/uploads\/2024\/05\/VohrumCares-01-small-1024x323.png 1024w, https:\/\/vohrum.com\/wp-content\/uploads\/2024\/05\/VohrumCares-01-small-300x95.png 300w, https:\/\/vohrum.com\/wp-content\/uploads\/2024\/05\/VohrumCares-01-small-768x242.png 768w, https:\/\/vohrum.com\/wp-content\/uploads\/2024\/05\/VohrumCares-01-small-1536x484.png 1536w, https:\/\/vohrum.com\/wp-content\/uploads\/2024\/05\/VohrumCares-01-small.png 1636w\" sizes=\"(max-width: 1024px) 100vw, 1024px\" \/><\/figure>\n\n\n\n<p>Vohrum verfolgt aktiv M\u00f6glichkeiten im Bereich Nachhaltigkeit, um <em>positive Auswirkungen <\/em>gegen\u00fcber allen unseren Stakeholdern, da wir davon \u00fcberzeugt sind, dass wir als Unternehmen vielf\u00e4ltige Verantwortlichkeiten gegen\u00fcber allen unseren Stakeholdern haben und sicherstellen m\u00f6chten, dass wir alle unsere Gesch\u00e4fte unter Ber\u00fccksichtigung der Nachhaltigkeit f\u00fchren.<\/p>\n\n\n\n<p>Zu diesen Stakeholdern k\u00f6nnen geh\u00f6ren:<\/p>\n\n\n\n<ul class=\"wp-block-list\">\n<li>Mitarbeiter<\/li>\n\n\n\n<li>Gemeinschaft<\/li>\n\n\n\n<li>Lieferanten<\/li>\n\n\n\n<li>Rechtliche Verantwortlichkeiten<\/li>\n\n\n\n<li>Umweltschutz<\/li>\n\n\n\n<li>Soziale Verantwortung<\/li>\n\n\n\n<li>Corporate Governance und Aktion\u00e4re<\/li>\n<\/ul>","protected":false},"excerpt":{"rendered":"<p>Vohrum verfolgt aktiv M\u00f6glichkeiten im Bereich Nachhaltigkeit, um einen positiven Einfluss auf alle unsere Stakeholder zu haben, da wir glauben, dass wir als Unternehmen gegen\u00fcber allen unseren Stakeholdern verschiedene Verantwortungen haben und sicherstellen m\u00fcssen, dass alle Gesch\u00e4fte unter Ber\u00fccksichtigung der Nachhaltigkeit gef\u00fchrt werden. Zu diesen Stakeholdern k\u00f6nnen geh\u00f6ren:<\/p>","protected":false},"author":2,"featured_media":0,"parent":0,"menu_order":0,"comment_status":"closed","ping_status":"closed","template":"","meta":{"_monsterinsights_skip_tracking":false,"_monsterinsights_sitenote_active":false,"_monsterinsights_sitenote_note":"","_monsterinsights_sitenote_category":0,"footnotes":""},"class_list":["post-373","page","type-page","status-publish","hentry"],"yoast_head":"<!-- This site is optimized with the Yoast SEO Premium plugin v23.9 (Yoast SEO v27.5) - https:\/\/yoast.com\/product\/yoast-seo-premium-wordpress\/ -->\n<title>Vohrum Cares: Our commitment to Sustainability - Vohrum Group<\/title>\n<meta name=\"robots\" content=\"index, follow, max-snippet:-1, max-image-preview:large, max-video-preview:-1\" \/>\n<link rel=\"canonical\" href=\"https:\/\/vohrum.com\/de\/vohrum-kummert-sich\/\" \/>\n<meta property=\"og:locale\" content=\"de_DE\" \/>\n<meta property=\"og:type\" content=\"article\" \/>\n<meta property=\"og:title\" content=\"Vohrum Cares: Our commitment to Sustainability\" \/>\n<meta property=\"og:description\" content=\"Vohrum actively pursues opportunities in Sustainability to have a positive impact towards all our stakeholders, as we believe that as a business we have various responsibilities towards all our stakeholders and ensuring that all business is conducted with Sustainability in mind. These stakeholders may include:\" \/>\n<meta property=\"og:url\" content=\"https:\/\/vohrum.com\/de\/vohrum-kummert-sich\/\" \/>\n<meta property=\"og:site_name\" content=\"Vohrum Group\" \/>\n<meta property=\"article:modified_time\" content=\"2024-05-16T23:23:30+00:00\" \/>\n<meta property=\"og:image\" content=\"https:\/\/vohrum.com\/wp-content\/uploads\/2024\/05\/VohrumCares-01-small-1024x323.png\" \/>\n<meta name=\"twitter:card\" content=\"summary_large_image\" \/>\n<meta name=\"twitter:label1\" content=\"Gesch\u00e4tzte Lesezeit\" \/>\n\t<meta name=\"twitter:data1\" content=\"1\u00a0Minute\" \/>\n<script type=\"application\/ld+json\" class=\"yoast-schema-graph\">{\"@context\":\"https:\\\/\\\/schema.org\",\"@graph\":[{\"@type\":\"WebPage\",\"@id\":\"https:\\\/\\\/vohrum.com\\\/vohrum-cares\\\/\",\"url\":\"https:\\\/\\\/vohrum.com\\\/vohrum-cares\\\/\",\"name\":\"Vohrum Cares: Our commitment to Sustainability - Vohrum Group\",\"isPartOf\":{\"@id\":\"https:\\\/\\\/vohrum.com\\\/#website\"},\"primaryImageOfPage\":{\"@id\":\"https:\\\/\\\/vohrum.com\\\/vohrum-cares\\\/#primaryimage\"},\"image\":{\"@id\":\"https:\\\/\\\/vohrum.com\\\/vohrum-cares\\\/#primaryimage\"},\"thumbnailUrl\":\"https:\\\/\\\/vohrum.com\\\/wp-content\\\/uploads\\\/2024\\\/05\\\/VohrumCares-01-small-1024x323.png\",\"datePublished\":\"2024-05-16T13:22:24+00:00\",\"dateModified\":\"2024-05-16T23:23:30+00:00\",\"breadcrumb\":{\"@id\":\"https:\\\/\\\/vohrum.com\\\/vohrum-cares\\\/#breadcrumb\"},\"inLanguage\":\"de\",\"potentialAction\":[{\"@type\":\"ReadAction\",\"target\":[\"https:\\\/\\\/vohrum.com\\\/vohrum-cares\\\/\"]}]},{\"@type\":\"ImageObject\",\"inLanguage\":\"de\",\"@id\":\"https:\\\/\\\/vohrum.com\\\/vohrum-cares\\\/#primaryimage\",\"url\":\"https:\\\/\\\/vohrum.com\\\/wp-content\\\/uploads\\\/2024\\\/05\\\/VohrumCares-01-small-1024x323.png\",\"contentUrl\":\"https:\\\/\\\/vohrum.com\\\/wp-content\\\/uploads\\\/2024\\\/05\\\/VohrumCares-01-small-1024x323.png\"},{\"@type\":\"BreadcrumbList\",\"@id\":\"https:\\\/\\\/vohrum.com\\\/vohrum-cares\\\/#breadcrumb\",\"itemListElement\":[{\"@type\":\"ListItem\",\"position\":1,\"name\":\"Home\",\"item\":\"https:\\\/\\\/vohrum.com\\\/\"},{\"@type\":\"ListItem\",\"position\":2,\"name\":\"Vohrum Cares: Our commitment to Sustainability\"}]},{\"@type\":\"WebSite\",\"@id\":\"https:\\\/\\\/vohrum.com\\\/#website\",\"url\":\"https:\\\/\\\/vohrum.com\\\/\",\"name\":\"Vohrum Group\",\"description\":\"Collaborate. Design. Manufacture\",\"publisher\":{\"@id\":\"https:\\\/\\\/vohrum.com\\\/#organization\"},\"potentialAction\":[{\"@type\":\"SearchAction\",\"target\":{\"@type\":\"EntryPoint\",\"urlTemplate\":\"https:\\\/\\\/vohrum.com\\\/?s={search_term_string}\"},\"query-input\":{\"@type\":\"PropertyValueSpecification\",\"valueRequired\":true,\"valueName\":\"search_term_string\"}}],\"inLanguage\":\"de\"},{\"@type\":\"Organization\",\"@id\":\"https:\\\/\\\/vohrum.com\\\/#organization\",\"name\":\"Vohrum Group\",\"url\":\"https:\\\/\\\/vohrum.com\\\/\",\"logo\":{\"@type\":\"ImageObject\",\"inLanguage\":\"de\",\"@id\":\"https:\\\/\\\/vohrum.com\\\/#\\\/schema\\\/logo\\\/image\\\/\",\"url\":\"https:\\\/\\\/vohrum.com\\\/wp-content\\\/uploads\\\/2023\\\/12\\\/Vohrum-logo-crop.png\",\"contentUrl\":\"https:\\\/\\\/vohrum.com\\\/wp-content\\\/uploads\\\/2023\\\/12\\\/Vohrum-logo-crop.png\",\"width\":1528,\"height\":366,\"caption\":\"Vohrum Group\"},\"image\":{\"@id\":\"https:\\\/\\\/vohrum.com\\\/#\\\/schema\\\/logo\\\/image\\\/\"}}]}<\/script>\n<!-- \/ Yoast SEO Premium plugin. -->","yoast_head_json":{"title":"Vohrum Cares: Unser Engagement f\u00fcr Nachhaltigkeit - Vohrum Group","robots":{"index":"index","follow":"follow","max-snippet":"max-snippet:-1","max-image-preview":"max-image-preview:large","max-video-preview":"max-video-preview:-1"},"canonical":"https:\/\/vohrum.com\/de\/vohrum-kummert-sich\/","og_locale":"de_DE","og_type":"article","og_title":"Vohrum Cares: Our commitment to Sustainability","og_description":"Vohrum actively pursues opportunities in Sustainability to have a positive impact towards all our stakeholders, as we believe that as a business we have various responsibilities towards all our stakeholders and ensuring that all business is conducted with Sustainability in mind. These stakeholders may include:","og_url":"https:\/\/vohrum.com\/de\/vohrum-kummert-sich\/","og_site_name":"Vohrum Group","article_modified_time":"2024-05-16T23:23:30+00:00","og_image":[{"url":"https:\/\/vohrum.com\/wp-content\/uploads\/2024\/05\/VohrumCares-01-small-1024x323.png","type":"","width":"","height":""}],"twitter_card":"summary_large_image","twitter_misc":{"Gesch\u00e4tzte Lesezeit":"1\u00a0Minute"},"schema":{"@context":"https:\/\/schema.org","@graph":[{"@type":"WebPage","@id":"https:\/\/vohrum.com\/vohrum-cares\/","url":"https:\/\/vohrum.com\/vohrum-cares\/","name":"Vohrum Cares: Unser Engagement f\u00fcr Nachhaltigkeit - Vohrum Group","isPartOf":{"@id":"https:\/\/vohrum.com\/#website"},"primaryImageOfPage":{"@id":"https:\/\/vohrum.com\/vohrum-cares\/#primaryimage"},"image":{"@id":"https:\/\/vohrum.com\/vohrum-cares\/#primaryimage"},"thumbnailUrl":"https:\/\/vohrum.com\/wp-content\/uploads\/2024\/05\/VohrumCares-01-small-1024x323.png","datePublished":"2024-05-16T13:22:24+00:00","dateModified":"2024-05-16T23:23:30+00:00","breadcrumb":{"@id":"https:\/\/vohrum.com\/vohrum-cares\/#breadcrumb"},"inLanguage":"de","potentialAction":[{"@type":"ReadAction","target":["https:\/\/vohrum.com\/vohrum-cares\/"]}]},{"@type":"ImageObject","inLanguage":"de","@id":"https:\/\/vohrum.com\/vohrum-cares\/#primaryimage","url":"https:\/\/vohrum.com\/wp-content\/uploads\/2024\/05\/VohrumCares-01-small-1024x323.png","contentUrl":"https:\/\/vohrum.com\/wp-content\/uploads\/2024\/05\/VohrumCares-01-small-1024x323.png"},{"@type":"BreadcrumbList","@id":"https:\/\/vohrum.com\/vohrum-cares\/#breadcrumb","itemListElement":[{"@type":"ListItem","position":1,"name":"Home","item":"https:\/\/vohrum.com\/"},{"@type":"ListItem","position":2,"name":"Vohrum Cares: Our commitment to Sustainability"}]},{"@type":"WebSite","@id":"https:\/\/vohrum.com\/#website","url":"https:\/\/vohrum.com\/","name":"Vohrum-Gruppe","description":"Zusammenarbeiten. Entwerfen. Produzieren","publisher":{"@id":"https:\/\/vohrum.com\/#organization"},"potentialAction":[{"@type":"SearchAction","target":{"@type":"EntryPoint","urlTemplate":"https:\/\/vohrum.com\/?s={search_term_string}"},"query-input":{"@type":"PropertyValueSpecification","valueRequired":true,"valueName":"search_term_string"}}],"inLanguage":"de"},{"@type":"Organization","@id":"https:\/\/vohrum.com\/#organization","name":"Vohrum-Gruppe","url":"https:\/\/vohrum.com\/","logo":{"@type":"ImageObject","inLanguage":"de","@id":"https:\/\/vohrum.com\/#\/schema\/logo\/image\/","url":"https:\/\/vohrum.com\/wp-content\/uploads\/2023\/12\/Vohrum-logo-crop.png","contentUrl":"https:\/\/vohrum.com\/wp-content\/uploads\/2023\/12\/Vohrum-logo-crop.png","width":1528,"height":366,"caption":"Vohrum Group"},"image":{"@id":"https:\/\/vohrum.com\/#\/schema\/logo\/image\/"}}]}},"_links":{"self":[{"href":"https:\/\/vohrum.com\/de\/wp-json\/wp\/v2\/pages\/373","targetHints":{"allow":["GET"]}}],"collection":[{"href":"https:\/\/vohrum.com\/de\/wp-json\/wp\/v2\/pages"}],"about":[{"href":"https:\/\/vohrum.com\/de\/wp-json\/wp\/v2\/types\/page"}],"author":[{"embeddable":true,"href":"https:\/\/vohrum.com\/de\/wp-json\/wp\/v2\/users\/2"}],"replies":[{"embeddable":true,"href":"https:\/\/vohrum.com\/de\/wp-json\/wp\/v2\/comments?post=373"}],"version-history":[{"count":0,"href":"https:\/\/vohrum.com\/de\/wp-json\/wp\/v2\/pages\/373\/revisions"}],"wp:attachment":[{"href":"https:\/\/vohrum.com\/de\/wp-json\/wp\/v2\/media?parent=373"}],"curies":[{"name":"wp","href":"https:\/\/api.w.org\/{rel}","templated":true}]}}