{"id":3,"date":"2023-03-31T07:04:13","date_gmt":"2023-03-31T07:04:13","guid":{"rendered":"http:\/\/vohrum.com\/?page_id=3"},"modified":"2024-01-03T12:31:59","modified_gmt":"2024-01-03T12:31:59","slug":"datenschutzrichtlinie","status":"publish","type":"page","link":"https:\/\/vohrum.com\/de\/datenschutzrichtlinie\/","title":{"rendered":"Datenschutzrichtlinie"},"content":{"rendered":"<h2 class=\"wp-block-heading\">Wer wir sind<\/h2>\n\n\n\n<p>Unsere Website-Adresse lautet: http:\/\/vohrum.com.<\/p>\n\n\n\n<h2 class=\"wp-block-heading\">Kommentare<\/h2>\n\n\n\n<p>Wenn Besucher Kommentare auf der Site hinterlassen, erfassen wir die im Kommentarformular angezeigten Daten sowie die IP-Adresse des Besuchers und den User-Agent-String (damit wird der Browser identifiziert), um die Spam-Erkennung zu unterst\u00fctzen.<\/p>\n\n\n\n<h2 class=\"wp-block-heading\">Dieses Portal verwendet Cookies zur Optimierung der Browserfunktion. Informieren Sie sich, wie wir Cookies verwenden und wie Sie Ihre Einstellungen \u00e4ndern k\u00f6nnen.<\/h2>\n\n\n\n<p>Wenn Sie einen Kommentar auf unserer Website hinterlassen, kann das eine Einwilligung zur Speicherung Ihres Namens, Ihrer E-Mail-Adresse und Ihrer Website in Cookies sein. Dies dient Ihrer Bequemlichkeit, damit Sie diese Daten nicht erneut eingeben m\u00fcssen, wenn Sie einen weiteren Kommentar hinterlassen. Diese Cookies werden ein Jahr lang gespeichert.<\/p>\n\n\n\n<h2 class=\"wp-block-heading\">Eingebettete Inhalte von anderen Websites<\/h2>\n\n\n\n<p>Beitr\u00e4ge auf dieser Website k\u00f6nnen eingebettete Inhalte beinhalten (z. B. Videos, Bilder, Beitr\u00e4ge etc.). Eingebettete Inhalte von anderen Websites verhalten sich exakt so, als ob der Besucher die andere Website besucht h\u00e4tte.<\/p>\n\n\n\n<p>Diese Websites k\u00f6nnen Daten \u00fcber Sie sammeln, Cookies benutzen, zus\u00e4tzliche Tracking-Dienste von Dritten einbetten und Ihre Interaktion mit diesem eingebetteten Inhalt aufzeichnen, inklusive Ihrer Interaktion mit dem eingebetteten Inhalt, falls Sie ein Konto haben und auf dieser Website angemeldet sind.<\/p>\n\n\n\n<h2 class=\"wp-block-heading\">Mit wem wir Ihre Daten teilen<\/h2>\n\n\n\n<p>Wenn Sie eine Zur\u00fccksetzung des Passworts anfordern, wird Ihre IP-Adresse in der E-Mail zur Zur\u00fccksetzung enthalten sein.<\/p>\n\n\n\n<h2 class=\"wp-block-heading\">Wie lange wir Ihre Daten speichern<\/h2>\n\n\n\n<p>Wenn Sie einen Kommentar hinterlassen, werden dieser und seine Metadaten zeitlich unbegrenzt gespeichert. Auf diese Weise k\u00f6nnen wir Folgekommentare automatisch erkennen und freigeben, anstatt sie in einer Moderationswarteschlange festzuhalten.<\/p>\n\n\n\n<h2 class=\"wp-block-heading\">Welche Rechte du an deinen Daten hast<\/h2>\n\n\n\n<p>Wenn Sie ein Konto auf dieser Website besitzen oder Kommentare hinterlassen haben, k\u00f6nnen Sie einen Export Ihrer bei uns gespeicherten personenbezogenen Daten anfordern, inklusive aller Daten, die Sie uns mitgeteilt haben. Dar\u00fcber hinaus k\u00f6nnen Sie die L\u00f6schung aller von Ihnen gespeicherten personenbezogenen Daten anfordern. Dies umfasst nicht die Daten, die wir aufgrund administrativer, rechtlicher oder sicherheitsrelevanter Notwendigkeiten aufbewahren m\u00fcssen.<\/p>\n\n\n\n<h2 class=\"wp-block-heading\">Wohin Ihre Daten gesendet werden<\/h2>\n\n\n\n<p>Besucherkommentare k\u00f6nnten von einem automatisierten Dienst zur Spam-Erkennung untersucht werden.<\/p>\n\n\n\n<h2 class=\"wp-block-heading\"><strong>Hinweis zum Personal Data Protection Act 2010<\/strong><\/h2>\n\n\n\n<p><strong>Erhebung, Aufzeichnung, Speicherung und Aufbewahrung personenbezogener Daten<\/strong><\/p>\n\n\n\n<p>Das Personal Data Protection Act 2010 (\u201edas Gesetz\u201c) ist ein Gesetz, das von der malaysischen Regierung verabschiedet wurde, um die Verarbeitung personenbezogener Daten in einer kommerziellen Transaktion zu regeln. Um das Gesetz einzuhalten, ist die Vohrum Group (\u201ewir\u201c oder \u201euns\u201c oder \u201eunser\u201c) verpflichtet, die personenbezogenen Daten, die wir von Ihnen erfassen, zu verwalten.<\/p>\n\n\n\n<p>Ihre personenbezogenen Daten k\u00f6nnen unter anderem zu folgenden Zwecken verwendet werden:<\/p>\n\n\n\n<ul class=\"wp-block-list\">\n<li>Interne Dokumentation<\/li>\n\n\n\n<li>Um Ihnen oder von Ihnen Dienstleistungen bereitzustellen<\/li>\n\n\n\n<li>Um unsere Produkte und Dienstleistungen zu verbessern<\/li>\n\n\n\n<li>Um diese Website Ihren Interessen anzupassen<\/li>\n\n\n\n<li>Um Ihnen festliche Nachrichten, Gr\u00fc\u00dfe, Werbebotschaften oder andere Nachrichten basierend auf Ihren Datenschutzeinstellungen zu senden<\/li>\n\n\n\n<li>Um Ihre Bed\u00fcrfnisse als unser Kunde besser zu verstehen<\/li>\n\n\n\n<li>Aus Sicherheitsgr\u00fcnden und zur Betrugspr\u00e4vention<\/li>\n\n\n\n<li>F\u00fcr Zwecke der statistischen Datenanalyse&nbsp;<\/li>\n\n\n\n<li>Zur Profilerstellung Ihrer Pr\u00e4ferenzen<\/li>\n\n\n\n<li>Zur Einhaltung des Companies Act 2016<\/li>\n<\/ul>\n\n\n\n<p>(gemeinsam,\u00a0<strong>\u201edie Zwecke\u201c<\/strong>) Ihre personenbezogenen Daten werden \u00fcber verschiedene Online-Formulare erfasst, die w\u00e4hrend Ihres Besuchs auf der Website der Vohrum Group, \u00fcber vorhandene G\u00e4stelisten, Visitenkarten, G\u00e4steb\u00fccher und\/oder alle von uns und\/oder einem Mitglied der Gruppe (wie nachfolgend definiert) organisierten Veranstaltungen zur Verf\u00fcgung stehen.\u00a0<\/p>\n\n\n\n<p>M\u00f6glicherweise m\u00fcssen Sie uns Ihren Namen, den Namen Ihres Unternehmens, Ihre Adresse, Ihr Land, Ihre Telefonnummern, Faxnummern und Ihre E-Mail-Adresse mitteilen.&nbsp;<\/p>\n\n\n\n<p>Wenn Sie uns diese personenbezogenen Daten nicht zur Verf\u00fcgung stellen, k\u00f6nnen wir Ihre personenbezogenen Daten m\u00f6glicherweise nicht f\u00fcr die oben genannten Zwecke verarbeiten und\/oder offenlegen.&nbsp;<\/p>\n\n\n\n<p>Bitte beachten Sie, dass Ihre personenbezogenen Daten an Unternehmen innerhalb der Vohrum-Gruppe (einschlie\u00dflich der Holdinggesellschaft, Tochtergesellschaften, assoziierten, verbundenen und angegliederten Unternehmen sowie deren Tochtergesellschaften, assoziierten und angegliederten Unternehmen, sowohl lokal als auch international), ob gegenw\u00e4rtig oder zuk\u00fcnftig, weitergegeben, verbreitet und\/oder \u00fcbertragen werden k\u00f6nnen (zusammengefasst\u00a0<strong>\u201edie Gruppe\u201c<\/strong>) oder an Drittorganisationen oder -personen zum Zweck der Erf\u00fcllung unserer Verpflichtungen Ihnen gegen\u00fcber in Bezug auf die Zwecke und alle anderen Zwecke, die mit den Zwecken in Zusammenhang stehen, sowie zur Bereitstellung integrierter Dienste und zur Pflege und Speicherung von Aufzeichnungen.\u00a0<\/p>\n\n\n\n<p>Zu diesem Zweck verpflichten wir uns, die Vertraulichkeit, den Schutz, die Sicherheit und die Genauigkeit Ihrer uns zur Verf\u00fcgung gestellten personenbezogenen Daten zu gew\u00e4hrleisten. Es liegt in Ihrer Verantwortung, sicherzustellen, dass alle uns \u00fcbermittelten und von uns gespeicherten personenbezogenen Daten in jeder Hinsicht genau, nicht irref\u00fchrend, aktuell und vollst\u00e4ndig sind. Zur Vermeidung von Missverst\u00e4ndnissen: Wir und\/oder die Gruppe und\/oder ihre Mitarbeiter oder autorisierten leitenden Angestellten oder Vertreter sind nicht verantwortlich f\u00fcr personenbezogene Daten, die Sie uns \u00fcbermitteln und die ungenau, irref\u00fchrend, unvollst\u00e4ndig und nicht aktuell sind.&nbsp;<\/p>\n\n\n\n<p>Dar\u00fcber hinaus bitten wir Sie gegebenenfalls um Ihre Unterst\u00fctzung bei der Einholung der Einwilligung Dritter, deren personenbezogene Daten Sie uns zur Verf\u00fcgung gestellt haben, und Sie erkl\u00e4ren sich hiermit einverstanden, diesbez\u00fcglich Ihr Bestes zu tun.&nbsp;<\/p>\n\n\n\n<p>Sie k\u00f6nnen jederzeit nach der \u00dcbermittlung Ihrer personenbezogenen Daten an uns einen Antrag auf Zugriff auf Ihre personenbezogenen Daten stellen, indem Sie einen solchen Antrag an die unten angegebene Adresse senden, sofern:&nbsp;<\/p>\n\n\n\n<ol class=\"wp-block-list\">\n<li>Sie ben\u00f6tigen Zugriff auf Ihre personenbezogenen Daten und\/oder m\u00f6chten Korrekturen an Ihren personenbezogenen Daten vornehmen, vorausgesetzt, dass einem solchen Zugriffs- oder Korrekturantrag nicht gem\u00e4\u00df den Bestimmungen des Gesetzes und\/oder bestehender Gesetze entsprochen wird;<\/li>\n\n\n\n<li>Sie m\u00f6chten Auskunft \u00fcber Ihre personenbezogenen Daten erhalten; und<\/li>\n\n\n\n<li>Sie sind nicht mehr damit einverstanden, dass wir Ihre personenbezogenen Daten aufbewahren oder speichern. Bitte beachten Sie jedoch, dass dies dazu f\u00fchren kann, dass wir unseren Verpflichtungen Ihnen gegen\u00fcber nicht mehr ordnungsgem\u00e4\u00df nachkommen k\u00f6nnen.<\/li>\n<\/ol>\n\n\n\n<p>S\u00e4mtliche von uns gespeicherten personenbezogenen Daten werden gem\u00e4\u00df unserer Aufbewahrungsrichtlinie vernichtet und\/oder aus unseren Aufzeichnungen und Systemen gel\u00f6scht, falls diese Daten f\u00fcr die genannten Zwecke nicht mehr ben\u00f6tigt werden.<\/p>\n\n\n\n<p>Wir vertrauen darauf, dass Sie mit der Verarbeitung Ihrer personenbezogenen Daten einverstanden sind und erkl\u00e4ren, die hierin enthaltenen Ausf\u00fchrungen und Bedingungen gelesen, verstanden und akzeptiert zu haben.<\/p>","protected":false},"excerpt":{"rendered":"<p>Who we are Our website address is: http:\/\/vohrum.com. Comments When visitors leave comments on the site we collect the data shown in the comments form, and also the visitor\u2019s IP address and browser user agent string to help spam detection. Cookies If you leave a comment on our site you may opt-in to saving your [&hellip;]<\/p>\n","protected":false},"author":1,"featured_media":0,"parent":0,"menu_order":0,"comment_status":"closed","ping_status":"open","template":"","meta":{"_monsterinsights_skip_tracking":false,"_monsterinsights_sitenote_active":false,"_monsterinsights_sitenote_note":"","_monsterinsights_sitenote_category":0,"footnotes":""},"class_list":["post-3","page","type-page","status-publish","hentry"],"yoast_head":"<!-- This site is optimized with the Yoast SEO Premium plugin v23.9 (Yoast SEO v27.5) - https:\/\/yoast.com\/product\/yoast-seo-premium-wordpress\/ -->\n<title>Privacy Policy - Vohrum Group<\/title>\n<meta name=\"robots\" content=\"index, follow, max-snippet:-1, max-image-preview:large, max-video-preview:-1\" \/>\n<link rel=\"canonical\" href=\"https:\/\/vohrum.com\/de\/datenschutzrichtlinie\/\" \/>\n<meta property=\"og:locale\" content=\"de_DE\" \/>\n<meta property=\"og:type\" content=\"article\" \/>\n<meta property=\"og:title\" content=\"Privacy Policy\" \/>\n<meta property=\"og:description\" content=\"Who we are Our website address is: http:\/\/vohrum.com. Comments When visitors leave comments on the site we collect the data shown in the comments form, and also the visitor\u2019s IP address and browser user agent string to help spam detection. Cookies If you leave a comment on our site you may opt-in to saving your [&hellip;]\" \/>\n<meta property=\"og:url\" content=\"https:\/\/vohrum.com\/de\/datenschutzrichtlinie\/\" \/>\n<meta property=\"og:site_name\" content=\"Vohrum Group\" \/>\n<meta property=\"article:modified_time\" content=\"2024-01-03T12:31:59+00:00\" \/>\n<meta name=\"twitter:card\" content=\"summary_large_image\" \/>\n<meta name=\"twitter:label1\" content=\"Gesch\u00e4tzte Lesezeit\" \/>\n\t<meta name=\"twitter:data1\" content=\"5\u00a0Minuten\" \/>\n<script type=\"application\/ld+json\" class=\"yoast-schema-graph\">{\"@context\":\"https:\\\/\\\/schema.org\",\"@graph\":[{\"@type\":\"WebPage\",\"@id\":\"https:\\\/\\\/vohrum.com\\\/privacy-policy\\\/\",\"url\":\"https:\\\/\\\/vohrum.com\\\/privacy-policy\\\/\",\"name\":\"Privacy Policy - Vohrum Group\",\"isPartOf\":{\"@id\":\"https:\\\/\\\/vohrum.com\\\/#website\"},\"datePublished\":\"2023-03-31T07:04:13+00:00\",\"dateModified\":\"2024-01-03T12:31:59+00:00\",\"breadcrumb\":{\"@id\":\"https:\\\/\\\/vohrum.com\\\/privacy-policy\\\/#breadcrumb\"},\"inLanguage\":\"de\",\"potentialAction\":[{\"@type\":\"ReadAction\",\"target\":[\"https:\\\/\\\/vohrum.com\\\/privacy-policy\\\/\"]}]},{\"@type\":\"BreadcrumbList\",\"@id\":\"https:\\\/\\\/vohrum.com\\\/privacy-policy\\\/#breadcrumb\",\"itemListElement\":[{\"@type\":\"ListItem\",\"position\":1,\"name\":\"Home\",\"item\":\"https:\\\/\\\/vohrum.com\\\/\"},{\"@type\":\"ListItem\",\"position\":2,\"name\":\"Privacy Policy\"}]},{\"@type\":\"WebSite\",\"@id\":\"https:\\\/\\\/vohrum.com\\\/#website\",\"url\":\"https:\\\/\\\/vohrum.com\\\/\",\"name\":\"Vohrum Group\",\"description\":\"Collaborate. Design. Manufacture\",\"publisher\":{\"@id\":\"https:\\\/\\\/vohrum.com\\\/#organization\"},\"potentialAction\":[{\"@type\":\"SearchAction\",\"target\":{\"@type\":\"EntryPoint\",\"urlTemplate\":\"https:\\\/\\\/vohrum.com\\\/?s={search_term_string}\"},\"query-input\":{\"@type\":\"PropertyValueSpecification\",\"valueRequired\":true,\"valueName\":\"search_term_string\"}}],\"inLanguage\":\"de\"},{\"@type\":\"Organization\",\"@id\":\"https:\\\/\\\/vohrum.com\\\/#organization\",\"name\":\"Vohrum Group\",\"url\":\"https:\\\/\\\/vohrum.com\\\/\",\"logo\":{\"@type\":\"ImageObject\",\"inLanguage\":\"de\",\"@id\":\"https:\\\/\\\/vohrum.com\\\/#\\\/schema\\\/logo\\\/image\\\/\",\"url\":\"https:\\\/\\\/vohrum.com\\\/wp-content\\\/uploads\\\/2023\\\/12\\\/Vohrum-logo-crop.png\",\"contentUrl\":\"https:\\\/\\\/vohrum.com\\\/wp-content\\\/uploads\\\/2023\\\/12\\\/Vohrum-logo-crop.png\",\"width\":1528,\"height\":366,\"caption\":\"Vohrum Group\"},\"image\":{\"@id\":\"https:\\\/\\\/vohrum.com\\\/#\\\/schema\\\/logo\\\/image\\\/\"}}]}<\/script>\n<!-- \/ Yoast SEO Premium plugin. -->","yoast_head_json":{"title":"Datenschutzrichtlinie - Vohrum Group","robots":{"index":"index","follow":"follow","max-snippet":"max-snippet:-1","max-image-preview":"max-image-preview:large","max-video-preview":"max-video-preview:-1"},"canonical":"https:\/\/vohrum.com\/de\/datenschutzrichtlinie\/","og_locale":"de_DE","og_type":"article","og_title":"Privacy Policy","og_description":"Who we are Our website address is: http:\/\/vohrum.com. Comments When visitors leave comments on the site we collect the data shown in the comments form, and also the visitor\u2019s IP address and browser user agent string to help spam detection. Cookies If you leave a comment on our site you may opt-in to saving your [&hellip;]","og_url":"https:\/\/vohrum.com\/de\/datenschutzrichtlinie\/","og_site_name":"Vohrum Group","article_modified_time":"2024-01-03T12:31:59+00:00","twitter_card":"summary_large_image","twitter_misc":{"Gesch\u00e4tzte Lesezeit":"5\u00a0Minuten"},"schema":{"@context":"https:\/\/schema.org","@graph":[{"@type":"WebPage","@id":"https:\/\/vohrum.com\/privacy-policy\/","url":"https:\/\/vohrum.com\/privacy-policy\/","name":"Datenschutzrichtlinie - Vohrum Group","isPartOf":{"@id":"https:\/\/vohrum.com\/#website"},"datePublished":"2023-03-31T07:04:13+00:00","dateModified":"2024-01-03T12:31:59+00:00","breadcrumb":{"@id":"https:\/\/vohrum.com\/privacy-policy\/#breadcrumb"},"inLanguage":"de","potentialAction":[{"@type":"ReadAction","target":["https:\/\/vohrum.com\/privacy-policy\/"]}]},{"@type":"BreadcrumbList","@id":"https:\/\/vohrum.com\/privacy-policy\/#breadcrumb","itemListElement":[{"@type":"ListItem","position":1,"name":"Home","item":"https:\/\/vohrum.com\/"},{"@type":"ListItem","position":2,"name":"Privacy Policy"}]},{"@type":"WebSite","@id":"https:\/\/vohrum.com\/#website","url":"https:\/\/vohrum.com\/","name":"Vohrum-Gruppe","description":"Zusammenarbeiten. Entwerfen. Produzieren","publisher":{"@id":"https:\/\/vohrum.com\/#organization"},"potentialAction":[{"@type":"SearchAction","target":{"@type":"EntryPoint","urlTemplate":"https:\/\/vohrum.com\/?s={search_term_string}"},"query-input":{"@type":"PropertyValueSpecification","valueRequired":true,"valueName":"search_term_string"}}],"inLanguage":"de"},{"@type":"Organization","@id":"https:\/\/vohrum.com\/#organization","name":"Vohrum-Gruppe","url":"https:\/\/vohrum.com\/","logo":{"@type":"ImageObject","inLanguage":"de","@id":"https:\/\/vohrum.com\/#\/schema\/logo\/image\/","url":"https:\/\/vohrum.com\/wp-content\/uploads\/2023\/12\/Vohrum-logo-crop.png","contentUrl":"https:\/\/vohrum.com\/wp-content\/uploads\/2023\/12\/Vohrum-logo-crop.png","width":1528,"height":366,"caption":"Vohrum Group"},"image":{"@id":"https:\/\/vohrum.com\/#\/schema\/logo\/image\/"}}]}},"_links":{"self":[{"href":"https:\/\/vohrum.com\/de\/wp-json\/wp\/v2\/pages\/3","targetHints":{"allow":["GET"]}}],"collection":[{"href":"https:\/\/vohrum.com\/de\/wp-json\/wp\/v2\/pages"}],"about":[{"href":"https:\/\/vohrum.com\/de\/wp-json\/wp\/v2\/types\/page"}],"author":[{"embeddable":true,"href":"https:\/\/vohrum.com\/de\/wp-json\/wp\/v2\/users\/1"}],"replies":[{"embeddable":true,"href":"https:\/\/vohrum.com\/de\/wp-json\/wp\/v2\/comments?post=3"}],"version-history":[{"count":0,"href":"https:\/\/vohrum.com\/de\/wp-json\/wp\/v2\/pages\/3\/revisions"}],"wp:attachment":[{"href":"https:\/\/vohrum.com\/de\/wp-json\/wp\/v2\/media?parent=3"}],"curies":[{"name":"wp","href":"https:\/\/api.w.org\/{rel}","templated":true}]}}