{"id":1356,"date":"2025-01-05T13:31:45","date_gmt":"2025-01-05T13:31:45","guid":{"rendered":"https:\/\/vohrum.com\/?page_id=1356"},"modified":"2025-01-05T13:34:36","modified_gmt":"2025-01-05T13:34:36","slug":"dienstleistungen-in-der-elektronikfertigung","status":"publish","type":"page","link":"https:\/\/vohrum.com\/de\/dienstleistungen-in-der-elektronikfertigung\/","title":{"rendered":"Dienstleistungen in der Elektronikfertigung"},"content":{"rendered":"<div class=\"wp-block-group alignfull has-background has-global-padding is-layout-constrained wp-container-core-group-is-layout-669513ed wp-block-group-is-layout-constrained\" style=\"background-color:#0f6e93;margin-top:0;margin-bottom:0;padding-top:var(--wp--preset--spacing--50);padding-right:var(--wp--preset--spacing--50);padding-bottom:var(--wp--preset--spacing--50);padding-left:var(--wp--preset--spacing--50)\">\n<div class=\"wp-block-columns alignwide is-layout-flex wp-container-core-columns-is-layout-28f84493 wp-block-columns-is-layout-flex\">\n<div class=\"wp-block-column is-layout-flow wp-block-column-is-layout-flow\" style=\"flex-basis:40%\">\n<p class=\"has-base-2-color has-text-color has-link-color wp-elements-370e089ff0da1c119679e626fbae4c42 wp-container-content-0733e5d0\"><strong>Electronics Manufacturing Services (\u201eEMS\u201c) \u2013 \u00dcbersicht<\/strong><\/p>\n<\/div>\n\n\n\n<div class=\"wp-block-column is-layout-flow wp-block-column-is-layout-flow\" style=\"flex-basis:60%\">\n<p class=\"has-base-2-color has-text-color has-link-color has-heading-font-family has-x-large-font-size wp-elements-03546c4d3cd5998e3d41741f0edee33a\" style=\"line-height:1.2\"><strong>Dienstleistungen in der Elektronikfertigung: Ihre Vision wird Wirklichkeit<\/strong><\/p>\n\n\n\n<p class=\"has-base-2-color has-text-color has-link-color has-heading-font-family has-x-large-font-size wp-elements-41fa1d3dc989ddd8102d479fccd7e327\" style=\"line-height:1.2\">In der schnelllebigen Welt der Technologie ist ein zuverl\u00e4ssiger Partner f\u00fcr Electronics Manufacturing Services (EMS) von entscheidender Bedeutung. Bei Vohrum sind wir darauf spezialisiert, die L\u00fccke zwischen innovativen Ideen und greifbaren, hochwertigen Produkten zu schlie\u00dfen. Mit unserem Engagement f\u00fcr Spitzenleistung und einem tiefen Verst\u00e4ndnis f\u00fcr die Komplexit\u00e4t der modernen Fertigung sind wir hier, um Ihrem Unternehmen zu helfen, in einer sich st\u00e4ndig weiterentwickelnden Branche erfolgreich zu sein.<\/p>\n<\/div>\n<\/div>\n\n\n\n<figure class=\"wp-block-image alignwide size-full is-style-rounded is-style-rounded--1\"><img fetchpriority=\"high\" decoding=\"async\" width=\"1170\" height=\"440\" src=\"https:\/\/vohrum.com\/wp-content\/uploads\/2024\/12\/1000058131.jpg\" alt=\"\" class=\"wp-image-1275\" srcset=\"https:\/\/vohrum.com\/wp-content\/uploads\/2024\/12\/1000058131.jpg 1170w, https:\/\/vohrum.com\/wp-content\/uploads\/2024\/12\/1000058131-300x113.jpg 300w, https:\/\/vohrum.com\/wp-content\/uploads\/2024\/12\/1000058131-1024x385.jpg 1024w, https:\/\/vohrum.com\/wp-content\/uploads\/2024\/12\/1000058131-768x289.jpg 768w, https:\/\/vohrum.com\/wp-content\/uploads\/2024\/12\/1000058131-18x7.jpg 18w\" sizes=\"(max-width: 1170px) 100vw, 1170px\" \/><\/figure>\n<\/div>\n\n\n\n<div class=\"wp-block-group alignfull has-base-background-color has-background has-global-padding is-layout-constrained wp-container-core-group-is-layout-d89aad35 wp-block-group-is-layout-constrained\" style=\"margin-top:0;margin-bottom:0;padding-top:var(--wp--preset--spacing--50);padding-right:var(--wp--preset--spacing--50);padding-bottom:var(--wp--preset--spacing--50);padding-left:var(--wp--preset--spacing--50)\">\n<div class=\"wp-block-columns alignwide is-layout-flex wp-container-core-columns-is-layout-549b0c86 wp-block-columns-is-layout-flex\">\n<div class=\"wp-block-column has-global-padding is-content-justification-left is-layout-constrained wp-container-core-column-is-layout-4f15e8fe wp-block-column-is-layout-constrained\" style=\"flex-basis:40%\">\n<p><strong>Warum sollten Sie sich f\u00fcr Vohrum f\u00fcr EMS entscheiden? <\/strong><\/p>\n<\/div>\n\n\n\n<div class=\"wp-block-column is-layout-flow wp-container-core-column-is-layout-119bc444 wp-block-column-is-layout-flow\" style=\"flex-basis:60%\">\n<p class=\"has-heading-font-family has-x-large-font-size\" style=\"line-height:1.2\">Ihr Tor zur Exzellenz in der Fertigung pr\u00e4ziser Elektronik<\/p>\n\n\n\n<div class=\"wp-block-columns is-layout-flex wp-container-core-columns-is-layout-87beb0d0 wp-block-columns-is-layout-flex\">\n<div class=\"wp-block-column is-layout-flow wp-block-column-is-layout-flow\">\n<p><strong>Wir bei Vohrum wissen, dass die Wahl des richtigen EMS-Anbieters entscheidend f\u00fcr Ihren Erfolg ist. Hier erfahren Sie, was uns auszeichnet:<\/strong><\/p>\n\n\n\n<ol class=\"wp-block-list\">\n<li><strong>Moderne Einrichtungen<\/strong><\/li>\n<\/ol>\n\n\n\n<p>Unsere Anlagen sind mit modernsten Maschinen ausgestattet und entsprechen internationalen Standards. Dies gew\u00e4hrleistet eine pr\u00e4zise Fertigung und die M\u00f6glichkeit, sich an Ihre Gesch\u00e4ftsanforderungen anzupassen.<\/p>\n\n\n\n<ol start=\"2\" class=\"wp-block-list\">\n<li><strong>Expertise in verschiedenen Branchen<\/strong><\/li>\n<\/ol>\n\n\n\n<p>Wir sind herausragend in der Fertigung f\u00fcr die Automobilindustrie, das Internet der Dinge (IoT) bzw. vernetzte Ger\u00e4te, Unterhaltungselektronik, Industrieanlagen und medizinische Ger\u00e4te \u2013 Branchen, in denen Pr\u00e4zision, Zuverl\u00e4ssigkeit und Konformit\u00e4t nicht verhandelbar sind.<\/p>\n\n\n\n<ol start=\"3\" class=\"wp-block-list\">\n<li><strong>Globale Reichweite, lokale N\u00e4he<\/strong><\/li>\n<\/ol>\n\n\n\n<p>Mit Niederlassungen in wichtigen Fertigungszentren wie Malaysia kombinieren wir globale Kapazit\u00e4ten mit einem umfassenden Verst\u00e4ndnis der lokalen M\u00e4rkte. Malaysias robuste Infrastruktur, qualifizierte Arbeitskr\u00e4fte und kosteng\u00fcnstige Rahmenbedingungen machen das Land zu einer strategischen Wahl f\u00fcr die Elektronikfertigung.<\/p>\n\n\n\n<ol start=\"4\" class=\"wp-block-list\">\n<li><strong>Engagement f\u00fcr Nachhaltigkeit<\/strong><\/li>\n<\/ol>\n\n\n\n<p class=\"wp-container-content-9cfa9a5a\">Nachhaltigkeit ist der Kern unserer Gesch\u00e4ftst\u00e4tigkeit. Wir legen Wert auf umweltfreundliche Verfahren und stellen sicher, dass unsere Herstellungsprozesse den globalen Umweltstandards entsprechen.<\/p>\n<\/div>\n\n\n\n<div class=\"wp-block-column is-layout-flow wp-block-column-is-layout-flow\">\n<p><strong>Was sind Dienstleistungen in der Elektronikfertigung?<\/strong><\/p>\n\n\n\n<p><strong>Dienstleistungen in der Elektronikfertigung <\/strong>umfassen eine breite Palette von Prozessen, die darauf ausgelegt sind, elektronische Produkte vom Konzept auf den Markt zu bringen. <\/p>\n\n\n\n<p>Dazu geh\u00f6ren:<\/p>\n\n\n\n<ul class=\"wp-block-list\">\n<li><strong>Design und Prototyping:<\/strong> Von der ersten Idee bis zum funktionsf\u00e4higen Prototypen unterst\u00fctzen EMS-Anbieter bei der Verfeinerung des Designs hinsichtlich Herstellbarkeit und Effizienz.<\/li>\n\n\n\n<li><strong>Montageleistungen: <\/strong>Nutzung fortschrittlicher Technologien wie Surface Mount Technology (SMT) und Through-Hole Technology f\u00fcr die Pr\u00e4zisionsmontage.<\/li>\n\n\n\n<li><strong>Pr\u00fcfung und Qualit\u00e4tskontrolle: <\/strong>Sicherstellen, dass jedes Produkt strenge Industriestandards erf\u00fcllt.<\/li>\n\n\n\n<li><strong>Lieferkettenmanagement: <\/strong>Rationalisierung der Beschaffung und Logistik f\u00fcr einen nahtlosen Produktionszyklus.<\/li>\n\n\n\n<li><strong>Reparatur- und Aftermarket-Services: <\/strong>Verl\u00e4ngern Sie den Lebenszyklus Ihrer Produkte durch umfassenden Support<\/li>\n<\/ul>\n<\/div>\n<\/div>\n<\/div>\n<\/div>\n<\/div>\n\n\n\n<div class=\"wp-block-cover alignfull is-light has-parallax\" style=\"padding-top:var(--wp--preset--spacing--50);padding-right:var(--wp--preset--spacing--50);padding-bottom:var(--wp--preset--spacing--50);padding-left:var(--wp--preset--spacing--50);min-height:100vh;aspect-ratio:unset;\"><span aria-hidden=\"true\" class=\"wp-block-cover__background has-base-background-color has-background-dim-0 has-background-dim\"><\/span><div class=\"wp-block-cover__image-background wp-image-1244 has-parallax\" style=\"background-position:50% 50%;background-image:url(https:\/\/vohrum.com\/wp-content\/uploads\/2024\/12\/SMT-icon.png)\"><\/div><div class=\"wp-block-cover__inner-container has-global-padding is-layout-constrained wp-container-core-cover-is-layout-e4fd886c wp-block-cover-is-layout-constrained\">\n<div style=\"height:500px\" aria-hidden=\"true\" class=\"wp-block-spacer\"><\/div>\n<\/div><\/div>\n\n\n\n<div class=\"wp-block-group alignfull has-base-2-background-color has-background has-global-padding is-layout-constrained wp-container-core-group-is-layout-7cd14b77 wp-block-group-is-layout-constrained\" style=\"margin-top:0;margin-bottom:0;padding-top:var(--wp--preset--spacing--60);padding-right:var(--wp--preset--spacing--60);padding-bottom:var(--wp--preset--spacing--60);padding-left:var(--wp--preset--spacing--60)\">\n<div class=\"wp-block-group alignwide is-layout-flow wp-block-group-is-layout-flow\">\n<div style=\"height:var(--wp--preset--spacing--50)\" aria-hidden=\"true\" class=\"wp-block-spacer\"><\/div>\n\n\n\n<p class=\"has-text-align-center has-heading-font-family has-x-large-font-size\" style=\"font-style:normal;font-weight:400;line-height:1.2\"><strong>Die Herausforderungen der Branche meistern<\/strong><\/p>\n\n\n\n<p>Die Elektronikfertigung bringt auch Herausforderungen mit sich. Bei Vohrum helfen wir, diese Risiken zu mindern, indem wir: <\/p>\n\n\n\n<ul class=\"wp-block-list\">\n<li>Zusammenarbeit mit vertrauensw\u00fcrdigen Lieferanten, um eine konstante Materialverf\u00fcgbarkeit zu gew\u00e4hrleisten.<\/li>\n\n\n\n<li>Einsatz strenger Qualit\u00e4tskontrollma\u00dfnahmen zur Vermeidung kostspieliger Fehler.<\/li>\n\n\n\n<li>Sorgen Sie f\u00fcr eine transparente Kommunikation w\u00e4hrend des gesamten Herstellungsprozesses.<\/li>\n<\/ul>\n\n\n\n<p>Egal, ob Sie ein innovatives Startup oder ein etabliertes Unternehmen sind, Vohrum ist da, um Ihre Vision zum Leben zu erwecken. Unsere umfassenden EMS-Angebote, gepaart mit einem kundenorientierten Ansatz, machen uns zum bevorzugten Partner f\u00fcr Unternehmen, die auf dem heutigen wettbewerbsintensiven Markt erfolgreich sein wollen.<\/p>\n\n\n\n<p>Kontaktieren Sie uns noch heute, um zu erfahren, wie Vohrums Electronics Manufacturing Services Ihren n\u00e4chsten Durchbruch vorantreiben kann. Gemeinsam entwickeln wir Produkte, die nicht nur die Anforderungen von heute erf\u00fcllen, sondern auch den Standard f\u00fcr morgen setzen.<\/p>\n\n\n\n<div style=\"height:var(--wp--preset--spacing--50)\" aria-hidden=\"true\" class=\"wp-block-spacer\"><\/div>\n<\/div>\n<\/div>\n\n\n\n<div class=\"wp-block-group alignfull has-base-2-color has-contrast-background-color has-text-color has-background has-link-color wp-elements-8b07bcefd2bb23090737f2ba6825d111 has-global-padding is-layout-constrained wp-container-core-group-is-layout-facafb6f wp-block-group-is-layout-constrained\" style=\"margin-top:0;margin-bottom:0;padding-top:var(--wp--preset--spacing--50);padding-right:var(--wp--preset--spacing--50);padding-bottom:var(--wp--preset--spacing--50);padding-left:var(--wp--preset--spacing--50)\">\n<div class=\"wp-block-columns alignwide is-layout-flex wp-container-core-columns-is-layout-d1c656ed wp-block-columns-is-layout-flex\">\n<div class=\"wp-block-column is-vertically-aligned-stretch is-layout-flow wp-block-column-is-layout-flow\" style=\"padding-right:0;flex-basis:60%\">\n<div class=\"wp-block-group is-vertical is-content-justification-stretch is-layout-flex wp-container-core-group-is-layout-ae24f51d wp-block-group-is-layout-flex\" style=\"min-height:100%\">\n<figure class=\"wp-block-image size-full is-style-rounded is-style-rounded--2\"><img decoding=\"async\" width=\"1921\" height=\"2560\" src=\"https:\/\/vohrum.com\/wp-content\/uploads\/2024\/12\/PCBA2-scaled.jpg\" alt=\"\" class=\"wp-image-1266\" style=\"aspect-ratio:9\/16;object-fit:cover\" srcset=\"https:\/\/vohrum.com\/wp-content\/uploads\/2024\/12\/PCBA2-scaled.jpg 1921w, https:\/\/vohrum.com\/wp-content\/uploads\/2024\/12\/PCBA2-225x300.jpg 225w, https:\/\/vohrum.com\/wp-content\/uploads\/2024\/12\/PCBA2-769x1024.jpg 769w, https:\/\/vohrum.com\/wp-content\/uploads\/2024\/12\/PCBA2-768x1023.jpg 768w, https:\/\/vohrum.com\/wp-content\/uploads\/2024\/12\/PCBA2-1153x1536.jpg 1153w, https:\/\/vohrum.com\/wp-content\/uploads\/2024\/12\/PCBA2-1537x2048.jpg 1537w, https:\/\/vohrum.com\/wp-content\/uploads\/2024\/12\/PCBA2-9x12.jpg 9w\" sizes=\"(max-width: 1921px) 100vw, 1921px\" \/><\/figure>\n\n\n\n<p class=\"has-medium-font-size\"><\/p>\n<\/div>\n<\/div>\n\n\n\n<div class=\"wp-block-column is-layout-flow wp-block-column-is-layout-flow\" style=\"flex-basis:40%\">\n<div class=\"wp-block-group has-global-padding is-layout-constrained wp-block-group-is-layout-constrained\">\n<p class=\"has-large-font-size\" style=\"font-style:normal;font-weight:500;line-height:1.2\">Warum sollten Sie sich f\u00fcr Vohrum als EMS-Anbieter entscheiden? Bei Vohrum kombinieren wir hochmoderne Einrichtungen mit globalen Kapazit\u00e4ten, um Ihnen eine auf Ihre Bed\u00fcrfnisse zugeschnittene Pr\u00e4zisionsfertigung zu bieten. Von unserem strategischen Standort in Malaysia aus nutzen wir die qualifizierte Belegschaft und das kosteng\u00fcnstige Umfeld f\u00fcr eine optimale Produktion. Nachhaltigkeit ist f\u00fcr unsere Gesch\u00e4ftst\u00e4tigkeit von zentraler Bedeutung und wir stellen sicher, dass umweltfreundliche Praktiken internationalen Standards entsprechen.<\/p>\n\n\n\n<div style=\"height:var(--wp--preset--spacing--40)\" aria-hidden=\"true\" class=\"wp-block-spacer\"><\/div>\n\n\n\n<div class=\"wp-block-group is-layout-flow wp-block-group-is-layout-flow\">\n<figure class=\"wp-block-image size-large is-style-rounded is-style-rounded--3\"><img decoding=\"async\" width=\"768\" height=\"1024\" src=\"https:\/\/vohrum.com\/wp-content\/uploads\/2024\/12\/Pcba-prototype-768x1024.jpg\" alt=\"\" class=\"wp-image-1270\" style=\"aspect-ratio:9\/16;object-fit:cover\" srcset=\"https:\/\/vohrum.com\/wp-content\/uploads\/2024\/12\/Pcba-prototype-768x1024.jpg 768w, https:\/\/vohrum.com\/wp-content\/uploads\/2024\/12\/Pcba-prototype-225x300.jpg 225w, https:\/\/vohrum.com\/wp-content\/uploads\/2024\/12\/Pcba-prototype-1152x1536.jpg 1152w, https:\/\/vohrum.com\/wp-content\/uploads\/2024\/12\/Pcba-prototype-1536x2048.jpg 1536w, https:\/\/vohrum.com\/wp-content\/uploads\/2024\/12\/Pcba-prototype-9x12.jpg 9w, https:\/\/vohrum.com\/wp-content\/uploads\/2024\/12\/Pcba-prototype-scaled.jpg 1920w\" sizes=\"(max-width: 768px) 100vw, 768px\" \/><\/figure>\n<\/div>\n<\/div>\n<\/div>\n<\/div>\n<\/div>\n\n\n\n<p><\/p>","protected":false},"excerpt":{"rendered":"<p>Electronics Manufacturing Services (&#8220;EMS&#8221;) \u2014 Overview Electronics Manufacturing Services: Transforming Your Vision into Reality In the fast-paced world of technology, having a reliable Electronics Manufacturing Services (EMS) partner is crucial. At Vohrum, we specialize in bridging the gap between innovative ideas and tangible, high-quality products. With a commitment to excellence and a deep understanding of [&hellip;]<\/p>\n","protected":false},"author":2,"featured_media":0,"parent":0,"menu_order":0,"comment_status":"closed","ping_status":"closed","template":"","meta":{"_monsterinsights_skip_tracking":false,"_monsterinsights_sitenote_active":false,"_monsterinsights_sitenote_note":"","_monsterinsights_sitenote_category":0,"footnotes":""},"class_list":["post-1356","page","type-page","status-publish","hentry"],"yoast_head":"<!-- This site is optimized with the Yoast SEO Premium plugin v23.9 (Yoast SEO v27.5) - https:\/\/yoast.com\/product\/yoast-seo-premium-wordpress\/ -->\n<title>Electronics Manufacturing Services - Vohrum Group<\/title>\n<meta name=\"description\" content=\"Learn how our EMS can empower your business to succeed. Discover our commitment to excellence, helping you manufacture top quality products.\" \/>\n<meta name=\"robots\" content=\"index, follow, max-snippet:-1, max-image-preview:large, max-video-preview:-1\" \/>\n<link rel=\"canonical\" href=\"https:\/\/vohrum.com\/de\/dienstleistungen-in-der-elektronikfertigung\/\" \/>\n<meta property=\"og:locale\" content=\"de_DE\" \/>\n<meta property=\"og:type\" content=\"article\" \/>\n<meta property=\"og:title\" content=\"Electronics Manufacturing Services\" \/>\n<meta property=\"og:description\" content=\"Learn how our EMS can empower your business to succeed. Discover our commitment to excellence, helping you manufacture top quality products.\" \/>\n<meta property=\"og:url\" content=\"https:\/\/vohrum.com\/de\/dienstleistungen-in-der-elektronikfertigung\/\" \/>\n<meta property=\"og:site_name\" content=\"Vohrum Group\" \/>\n<meta property=\"article:modified_time\" content=\"2025-01-05T13:34:36+00:00\" \/>\n<meta property=\"og:image\" content=\"https:\/\/vohrum.com\/wp-content\/uploads\/2024\/12\/1000058131.jpg\" \/>\n\t<meta property=\"og:image:width\" content=\"1170\" \/>\n\t<meta property=\"og:image:height\" content=\"440\" \/>\n\t<meta property=\"og:image:type\" content=\"image\/jpeg\" \/>\n<meta name=\"twitter:card\" content=\"summary_large_image\" \/>\n<meta name=\"twitter:label1\" content=\"Gesch\u00e4tzte Lesezeit\" \/>\n\t<meta name=\"twitter:data1\" content=\"3\u00a0Minuten\" \/>\n<script type=\"application\/ld+json\" class=\"yoast-schema-graph\">{\"@context\":\"https:\\\/\\\/schema.org\",\"@graph\":[{\"@type\":\"WebPage\",\"@id\":\"https:\\\/\\\/vohrum.com\\\/electronics-manufacturing-services\\\/\",\"url\":\"https:\\\/\\\/vohrum.com\\\/electronics-manufacturing-services\\\/\",\"name\":\"Electronics Manufacturing Services - Vohrum Group\",\"isPartOf\":{\"@id\":\"https:\\\/\\\/vohrum.com\\\/#website\"},\"primaryImageOfPage\":{\"@id\":\"https:\\\/\\\/vohrum.com\\\/electronics-manufacturing-services\\\/#primaryimage\"},\"image\":{\"@id\":\"https:\\\/\\\/vohrum.com\\\/electronics-manufacturing-services\\\/#primaryimage\"},\"thumbnailUrl\":\"https:\\\/\\\/vohrum.com\\\/wp-content\\\/uploads\\\/2024\\\/12\\\/1000058131.jpg\",\"datePublished\":\"2025-01-05T13:31:45+00:00\",\"dateModified\":\"2025-01-05T13:34:36+00:00\",\"description\":\"Learn how our EMS can empower your business to succeed. Discover our commitment to excellence, helping you manufacture top quality products.\",\"breadcrumb\":{\"@id\":\"https:\\\/\\\/vohrum.com\\\/electronics-manufacturing-services\\\/#breadcrumb\"},\"inLanguage\":\"de\",\"potentialAction\":[{\"@type\":\"ReadAction\",\"target\":[\"https:\\\/\\\/vohrum.com\\\/electronics-manufacturing-services\\\/\"]}]},{\"@type\":\"ImageObject\",\"inLanguage\":\"de\",\"@id\":\"https:\\\/\\\/vohrum.com\\\/electronics-manufacturing-services\\\/#primaryimage\",\"url\":\"https:\\\/\\\/vohrum.com\\\/wp-content\\\/uploads\\\/2024\\\/12\\\/1000058131.jpg\",\"contentUrl\":\"https:\\\/\\\/vohrum.com\\\/wp-content\\\/uploads\\\/2024\\\/12\\\/1000058131.jpg\"},{\"@type\":\"BreadcrumbList\",\"@id\":\"https:\\\/\\\/vohrum.com\\\/electronics-manufacturing-services\\\/#breadcrumb\",\"itemListElement\":[{\"@type\":\"ListItem\",\"position\":1,\"name\":\"Home\",\"item\":\"https:\\\/\\\/vohrum.com\\\/\"},{\"@type\":\"ListItem\",\"position\":2,\"name\":\"Electronics Manufacturing Services\"}]},{\"@type\":\"WebSite\",\"@id\":\"https:\\\/\\\/vohrum.com\\\/#website\",\"url\":\"https:\\\/\\\/vohrum.com\\\/\",\"name\":\"Vohrum Group\",\"description\":\"Collaborate. Design. Manufacture\",\"publisher\":{\"@id\":\"https:\\\/\\\/vohrum.com\\\/#organization\"},\"potentialAction\":[{\"@type\":\"SearchAction\",\"target\":{\"@type\":\"EntryPoint\",\"urlTemplate\":\"https:\\\/\\\/vohrum.com\\\/?s={search_term_string}\"},\"query-input\":{\"@type\":\"PropertyValueSpecification\",\"valueRequired\":true,\"valueName\":\"search_term_string\"}}],\"inLanguage\":\"de\"},{\"@type\":\"Organization\",\"@id\":\"https:\\\/\\\/vohrum.com\\\/#organization\",\"name\":\"Vohrum Group\",\"url\":\"https:\\\/\\\/vohrum.com\\\/\",\"logo\":{\"@type\":\"ImageObject\",\"inLanguage\":\"de\",\"@id\":\"https:\\\/\\\/vohrum.com\\\/#\\\/schema\\\/logo\\\/image\\\/\",\"url\":\"https:\\\/\\\/vohrum.com\\\/wp-content\\\/uploads\\\/2023\\\/12\\\/Vohrum-logo-crop.png\",\"contentUrl\":\"https:\\\/\\\/vohrum.com\\\/wp-content\\\/uploads\\\/2023\\\/12\\\/Vohrum-logo-crop.png\",\"width\":1528,\"height\":366,\"caption\":\"Vohrum Group\"},\"image\":{\"@id\":\"https:\\\/\\\/vohrum.com\\\/#\\\/schema\\\/logo\\\/image\\\/\"}}]}<\/script>\n<!-- \/ Yoast SEO Premium plugin. -->","yoast_head_json":{"title":"Dienstleistungen in der Elektronikfertigung - Vohrum Group","description":"Erfahren Sie, wie unser EMS Ihrem Unternehmen zum Erfolg verhelfen kann. Entdecken Sie unser Engagement f\u00fcr Spitzenleistung, das Ihnen bei der Herstellung von Produkten h\u00f6chster Qualit\u00e4t hilft.","robots":{"index":"index","follow":"follow","max-snippet":"max-snippet:-1","max-image-preview":"max-image-preview:large","max-video-preview":"max-video-preview:-1"},"canonical":"https:\/\/vohrum.com\/de\/dienstleistungen-in-der-elektronikfertigung\/","og_locale":"de_DE","og_type":"article","og_title":"Electronics Manufacturing Services","og_description":"Learn how our EMS can empower your business to succeed. Discover our commitment to excellence, helping you manufacture top quality products.","og_url":"https:\/\/vohrum.com\/de\/dienstleistungen-in-der-elektronikfertigung\/","og_site_name":"Vohrum Group","article_modified_time":"2025-01-05T13:34:36+00:00","og_image":[{"width":1170,"height":440,"url":"https:\/\/vohrum.com\/wp-content\/uploads\/2024\/12\/1000058131.jpg","type":"image\/jpeg"}],"twitter_card":"summary_large_image","twitter_misc":{"Gesch\u00e4tzte Lesezeit":"3\u00a0Minuten"},"schema":{"@context":"https:\/\/schema.org","@graph":[{"@type":"WebPage","@id":"https:\/\/vohrum.com\/electronics-manufacturing-services\/","url":"https:\/\/vohrum.com\/electronics-manufacturing-services\/","name":"Dienstleistungen in der Elektronikfertigung - Vohrum Group","isPartOf":{"@id":"https:\/\/vohrum.com\/#website"},"primaryImageOfPage":{"@id":"https:\/\/vohrum.com\/electronics-manufacturing-services\/#primaryimage"},"image":{"@id":"https:\/\/vohrum.com\/electronics-manufacturing-services\/#primaryimage"},"thumbnailUrl":"https:\/\/vohrum.com\/wp-content\/uploads\/2024\/12\/1000058131.jpg","datePublished":"2025-01-05T13:31:45+00:00","dateModified":"2025-01-05T13:34:36+00:00","description":"Erfahren Sie, wie unser EMS Ihrem Unternehmen zum Erfolg verhelfen kann. Entdecken Sie unser Engagement f\u00fcr Spitzenleistung, das Ihnen bei der Herstellung von Produkten h\u00f6chster Qualit\u00e4t hilft.","breadcrumb":{"@id":"https:\/\/vohrum.com\/electronics-manufacturing-services\/#breadcrumb"},"inLanguage":"de","potentialAction":[{"@type":"ReadAction","target":["https:\/\/vohrum.com\/electronics-manufacturing-services\/"]}]},{"@type":"ImageObject","inLanguage":"de","@id":"https:\/\/vohrum.com\/electronics-manufacturing-services\/#primaryimage","url":"https:\/\/vohrum.com\/wp-content\/uploads\/2024\/12\/1000058131.jpg","contentUrl":"https:\/\/vohrum.com\/wp-content\/uploads\/2024\/12\/1000058131.jpg"},{"@type":"BreadcrumbList","@id":"https:\/\/vohrum.com\/electronics-manufacturing-services\/#breadcrumb","itemListElement":[{"@type":"ListItem","position":1,"name":"Home","item":"https:\/\/vohrum.com\/"},{"@type":"ListItem","position":2,"name":"Electronics Manufacturing Services"}]},{"@type":"WebSite","@id":"https:\/\/vohrum.com\/#website","url":"https:\/\/vohrum.com\/","name":"Vohrum-Gruppe","description":"Zusammenarbeiten. Entwerfen. Produzieren","publisher":{"@id":"https:\/\/vohrum.com\/#organization"},"potentialAction":[{"@type":"SearchAction","target":{"@type":"EntryPoint","urlTemplate":"https:\/\/vohrum.com\/?s={search_term_string}"},"query-input":{"@type":"PropertyValueSpecification","valueRequired":true,"valueName":"search_term_string"}}],"inLanguage":"de"},{"@type":"Organization","@id":"https:\/\/vohrum.com\/#organization","name":"Vohrum-Gruppe","url":"https:\/\/vohrum.com\/","logo":{"@type":"ImageObject","inLanguage":"de","@id":"https:\/\/vohrum.com\/#\/schema\/logo\/image\/","url":"https:\/\/vohrum.com\/wp-content\/uploads\/2023\/12\/Vohrum-logo-crop.png","contentUrl":"https:\/\/vohrum.com\/wp-content\/uploads\/2023\/12\/Vohrum-logo-crop.png","width":1528,"height":366,"caption":"Vohrum Group"},"image":{"@id":"https:\/\/vohrum.com\/#\/schema\/logo\/image\/"}}]}},"_links":{"self":[{"href":"https:\/\/vohrum.com\/de\/wp-json\/wp\/v2\/pages\/1356","targetHints":{"allow":["GET"]}}],"collection":[{"href":"https:\/\/vohrum.com\/de\/wp-json\/wp\/v2\/pages"}],"about":[{"href":"https:\/\/vohrum.com\/de\/wp-json\/wp\/v2\/types\/page"}],"author":[{"embeddable":true,"href":"https:\/\/vohrum.com\/de\/wp-json\/wp\/v2\/users\/2"}],"replies":[{"embeddable":true,"href":"https:\/\/vohrum.com\/de\/wp-json\/wp\/v2\/comments?post=1356"}],"version-history":[{"count":1,"href":"https:\/\/vohrum.com\/de\/wp-json\/wp\/v2\/pages\/1356\/revisions"}],"predecessor-version":[{"id":1357,"href":"https:\/\/vohrum.com\/de\/wp-json\/wp\/v2\/pages\/1356\/revisions\/1357"}],"wp:attachment":[{"href":"https:\/\/vohrum.com\/de\/wp-json\/wp\/v2\/media?parent=1356"}],"curies":[{"name":"wp","href":"https:\/\/api.w.org\/{rel}","templated":true}]}}