{"id":1253,"date":"2024-12-26T04:33:11","date_gmt":"2024-12-26T04:33:11","guid":{"rendered":"https:\/\/vohrum.com\/?page_id=1253"},"modified":"2024-12-26T05:10:15","modified_gmt":"2024-12-26T05:10:15","slug":"leiterplattenbestuckung-und-oberflachenmontagetechnik","status":"publish","type":"page","link":"https:\/\/vohrum.com\/de\/leiterplattenbestuckung-und-oberflachenmontagetechnik\/","title":{"rendered":"Leiterplattenbest\u00fcckung und Oberfl\u00e4chenmontagetechnik"},"content":{"rendered":"<div class=\"wp-block-group alignfull has-background has-global-padding is-layout-constrained wp-container-core-group-is-layout-669513ed wp-block-group-is-layout-constrained\" style=\"background-color:#0f6e93;margin-top:0;margin-bottom:0;padding-top:var(--wp--preset--spacing--50);padding-right:var(--wp--preset--spacing--50);padding-bottom:var(--wp--preset--spacing--50);padding-left:var(--wp--preset--spacing--50)\">\n<div class=\"wp-block-columns alignwide is-layout-flex wp-container-core-columns-is-layout-28f84493 wp-block-columns-is-layout-flex\">\n<div class=\"wp-block-column is-layout-flow wp-block-column-is-layout-flow\" style=\"flex-basis:40%\">\n<p class=\"has-base-2-color has-text-color has-link-color wp-elements-651c035bd3cc01e780f0222fe8c84f6b wp-container-content-0733e5d0\"><strong>Oberfl\u00e4chenmontagetechnik \/ Leiterplattenbest\u00fcckung \u2013 \u00dcbersicht<\/strong><\/p>\n<\/div>\n\n\n\n<div class=\"wp-block-column is-layout-flow wp-block-column-is-layout-flow\" style=\"flex-basis:60%\">\n<p class=\"has-base-2-color has-text-color has-link-color has-heading-font-family has-x-large-font-size wp-elements-c24a5e3af4222333dd5269d68a8c7c0f\" style=\"line-height:1.2\">Leiterplattenmontage (PCBA)-Dienste mit Oberfl\u00e4chenmontagetechnik (SMT), in Malaysia. Unsere Fachkompetenz in den Bereichen Elektronik und Elektrotechnik steht Ihnen zur Verf\u00fcgung. Wir helfen Ihnen beim Umgang mit Elektronikplatinen unterschiedlicher Komplexit\u00e4t und gew\u00e4hrleisten Pr\u00e4zision, Effizienz und Qualit\u00e4t bei jeder Montage.<\/p>\n<\/div>\n<\/div>\n\n\n\n<figure class=\"wp-block-image alignwide size-full is-style-rounded is-style-rounded--1\"><img fetchpriority=\"high\" decoding=\"async\" width=\"1170\" height=\"440\" src=\"https:\/\/vohrum.com\/wp-content\/uploads\/2024\/12\/1000058131.jpg\" alt=\"\" class=\"wp-image-1275\" srcset=\"https:\/\/vohrum.com\/wp-content\/uploads\/2024\/12\/1000058131.jpg 1170w, https:\/\/vohrum.com\/wp-content\/uploads\/2024\/12\/1000058131-300x113.jpg 300w, https:\/\/vohrum.com\/wp-content\/uploads\/2024\/12\/1000058131-1024x385.jpg 1024w, https:\/\/vohrum.com\/wp-content\/uploads\/2024\/12\/1000058131-768x289.jpg 768w, https:\/\/vohrum.com\/wp-content\/uploads\/2024\/12\/1000058131-18x7.jpg 18w\" sizes=\"(max-width: 1170px) 100vw, 1170px\" \/><\/figure>\n<\/div>\n\n\n\n<div class=\"wp-block-group alignfull has-base-background-color has-background has-global-padding is-layout-constrained wp-container-core-group-is-layout-d89aad35 wp-block-group-is-layout-constrained\" style=\"margin-top:0;margin-bottom:0;padding-top:var(--wp--preset--spacing--50);padding-right:var(--wp--preset--spacing--50);padding-bottom:var(--wp--preset--spacing--50);padding-left:var(--wp--preset--spacing--50)\">\n<div class=\"wp-block-columns alignwide is-layout-flex wp-container-core-columns-is-layout-549b0c86 wp-block-columns-is-layout-flex\">\n<div class=\"wp-block-column has-global-padding is-content-justification-left is-layout-constrained wp-container-core-column-is-layout-4f15e8fe wp-block-column-is-layout-constrained\" style=\"flex-basis:40%\">\n<p><strong>Wie unsere Leiterplattenbest\u00fcckung und Oberfl\u00e4chenmontagetechnologie Ihrem Produkt hilft <\/strong><\/p>\n<\/div>\n\n\n\n<div class=\"wp-block-column is-layout-flow wp-container-core-column-is-layout-119bc444 wp-block-column-is-layout-flow\" style=\"flex-basis:60%\">\n<p class=\"has-heading-font-family has-x-large-font-size\" style=\"line-height:1.2\">Pr\u00e4zision in jeder Verbindung, Exzellenz in jeder Schaltung \u2013 Ihr zuverl\u00e4ssiger Partner f\u00fcr PCBA und SMT in Malaysia<\/p>\n\n\n\n<div class=\"wp-block-columns is-layout-flex wp-container-core-columns-is-layout-87beb0d0 wp-block-columns-is-layout-flex\">\n<div class=\"wp-block-column is-layout-flow wp-block-column-is-layout-flow\">\n<p class=\"wp-container-content-9cfa9a5a\"><strong>Erweiterte SMT-Montage:<\/strong> Mithilfe hochmoderner Ausr\u00fcstung platzieren und l\u00f6ten wir oberfl\u00e4chenmontierte Komponenten mit au\u00dfergew\u00f6hnlicher Genauigkeit und erm\u00f6glichen so hochdichte Designs und komplexe PCB-Layouts.<\/p>\n\n\n\n<p><strong>Durchsteckmontage (THT):<\/strong> Zus\u00e4tzlich zur SMT bieten wir Durchsteckmontage f\u00fcr Komponenten an, die robuste mechanische Verbindungen erfordern, und stellen so eine umfassende Montagel\u00f6sung bereit.<\/p>\n\n\n\n<p><strong>Vom Prototyp zur Massenproduktion:<\/strong> Egal ob Sie einen Prototyp zum Testen oder eine Gro\u00dfserienproduktion ben\u00f6tigen, unsere flexiblen Fertigungsprozesse sind auf Ihre spezifischen Anforderungen ausgelegt.<\/p>\n\n\n\n<p><strong>Qualit\u00e4tssicherung:<\/strong> Zu unseren strengen Qualit\u00e4tskontrollma\u00dfnahmen geh\u00f6ren die Automatische Optische Inspektion (AOI) und die R\u00f6ntgeninspektion, um sicherzustellen, dass die h\u00f6chsten Standards eingehalten werden.<\/p>\n\n\n\n<p><strong>Branchenkonformit\u00e4t:<\/strong> Wir halten uns an internationale Normen und Zertifizierungen und stellen sicher, dass unsere Baugruppen den globalen Qualit\u00e4ts- und Sicherheitsanforderungen entsprechen.<\/p>\n<\/div>\n\n\n\n<div class=\"wp-block-column is-layout-flow wp-block-column-is-layout-flow\">\n<p><strong>Nach unserer Einsch\u00e4tzung<\/strong> vor jeder Produktion werden kritische Faktoren \u00fcberpr\u00fcft, die die Qualit\u00e4t, Effizienz und Zuverl\u00e4ssigkeit des Endprodukts beeinflussen:<\/p>\n\n\n\n<ul class=\"wp-block-list\">\n<li>PCB-Design und -Layout<\/li>\n\n\n\n<li>Komponentenplatzierung<\/li>\n\n\n\n<li>L\u00f6tpastenanwendung<\/li>\n\n\n\n<li>Reflow-L\u00f6tverfahren<\/li>\n\n\n\n<li>Qualit\u00e4tspr\u00fcfung und Funktionspr\u00fcfung der Schaltkreise<\/li>\n\n\n\n<li>Materialauswahl<\/li>\n\n\n\n<li>Prozesskontrolle und Umwelt<\/li>\n<\/ul>\n\n\n\n<p>Durch sorgf\u00e4ltiges Management dieser Faktoren verbessern wir die Qualit\u00e4t und Zuverl\u00e4ssigkeit von SMT- und PCBA-Prozessen und f\u00fchren so zu \u00fcberlegenen elektronischen Produkten.<\/p>\n<\/div>\n<\/div>\n<\/div>\n<\/div>\n<\/div>\n\n\n\n<div class=\"wp-block-cover alignfull is-light has-parallax\" style=\"padding-top:var(--wp--preset--spacing--50);padding-right:var(--wp--preset--spacing--50);padding-bottom:var(--wp--preset--spacing--50);padding-left:var(--wp--preset--spacing--50);min-height:100vh;aspect-ratio:unset;\"><span aria-hidden=\"true\" class=\"wp-block-cover__background has-base-background-color has-background-dim-0 has-background-dim\"><\/span><div class=\"wp-block-cover__image-background wp-image-1244 has-parallax\" style=\"background-position:50% 50%;background-image:url(https:\/\/vohrum.com\/wp-content\/uploads\/2024\/12\/SMT-icon.png)\"><\/div><div class=\"wp-block-cover__inner-container has-global-padding is-layout-constrained wp-container-core-cover-is-layout-e4fd886c wp-block-cover-is-layout-constrained\">\n<div style=\"height:500px\" aria-hidden=\"true\" class=\"wp-block-spacer\"><\/div>\n<\/div><\/div>\n\n\n\n<div class=\"wp-block-group alignfull has-base-2-background-color has-background has-global-padding is-layout-constrained wp-container-core-group-is-layout-7cd14b77 wp-block-group-is-layout-constrained\" style=\"margin-top:0;margin-bottom:0;padding-top:var(--wp--preset--spacing--60);padding-right:var(--wp--preset--spacing--60);padding-bottom:var(--wp--preset--spacing--60);padding-left:var(--wp--preset--spacing--60)\">\n<div class=\"wp-block-group alignwide is-layout-flow wp-block-group-is-layout-flow\">\n<div style=\"height:var(--wp--preset--spacing--50)\" aria-hidden=\"true\" class=\"wp-block-spacer\"><\/div>\n\n\n\n<p class=\"has-text-align-center has-heading-font-family has-x-large-font-size\" style=\"font-style:normal;font-weight:400;line-height:1.2\"><strong>Wir liefern elektronische Platinen f\u00fcr verschiedene Branchen, darunter Automobilkomponenten, Internet-of-Things-Produkte, medizinische Ger\u00e4te und Unterhaltungselektronik.<\/strong><\/p>\n\n\n\n<p><\/p>\n\n\n\n<p>Lesen Sie mehr auf unserer <a href=\"https:\/\/vohrum.com\/de\/etikett\/oberflachenmontagetechnologie\/\">SMT <\/a>bloggen Sie hier!<\/p>\n\n\n\n<div style=\"height:var(--wp--preset--spacing--50)\" aria-hidden=\"true\" class=\"wp-block-spacer\"><\/div>\n<\/div>\n<\/div>\n\n\n\n<div class=\"wp-block-group alignfull has-base-2-color has-contrast-background-color has-text-color has-background has-link-color wp-elements-288d262f05f3e8f0a77fab50fbd1ad36 has-global-padding is-layout-constrained wp-container-core-group-is-layout-facafb6f wp-block-group-is-layout-constrained\" style=\"margin-top:0;margin-bottom:0;padding-top:var(--wp--preset--spacing--50);padding-right:var(--wp--preset--spacing--50);padding-bottom:var(--wp--preset--spacing--50);padding-left:var(--wp--preset--spacing--50)\">\n<div class=\"wp-block-columns alignwide is-layout-flex wp-container-core-columns-is-layout-d1c656ed wp-block-columns-is-layout-flex\">\n<div class=\"wp-block-column is-vertically-aligned-stretch is-layout-flow wp-block-column-is-layout-flow\" style=\"padding-right:0;flex-basis:60%\">\n<div class=\"wp-block-group is-vertical is-content-justification-stretch is-layout-flex wp-container-core-group-is-layout-ae24f51d wp-block-group-is-layout-flex\" style=\"min-height:100%\">\n<figure class=\"wp-block-image size-full is-style-rounded is-style-rounded--2\"><img decoding=\"async\" width=\"1921\" height=\"2560\" src=\"https:\/\/vohrum.com\/wp-content\/uploads\/2024\/12\/PCBA2-scaled.jpg\" alt=\"\" class=\"wp-image-1266\" style=\"aspect-ratio:9\/16;object-fit:cover\" srcset=\"https:\/\/vohrum.com\/wp-content\/uploads\/2024\/12\/PCBA2-scaled.jpg 1921w, https:\/\/vohrum.com\/wp-content\/uploads\/2024\/12\/PCBA2-225x300.jpg 225w, https:\/\/vohrum.com\/wp-content\/uploads\/2024\/12\/PCBA2-769x1024.jpg 769w, https:\/\/vohrum.com\/wp-content\/uploads\/2024\/12\/PCBA2-768x1023.jpg 768w, https:\/\/vohrum.com\/wp-content\/uploads\/2024\/12\/PCBA2-1153x1536.jpg 1153w, https:\/\/vohrum.com\/wp-content\/uploads\/2024\/12\/PCBA2-1537x2048.jpg 1537w, https:\/\/vohrum.com\/wp-content\/uploads\/2024\/12\/PCBA2-9x12.jpg 9w\" sizes=\"(max-width: 1921px) 100vw, 1921px\" \/><\/figure>\n\n\n\n<p class=\"has-medium-font-size\"><\/p>\n<\/div>\n<\/div>\n\n\n\n<div class=\"wp-block-column is-layout-flow wp-block-column-is-layout-flow\" style=\"flex-basis:40%\">\n<div class=\"wp-block-group has-global-padding is-layout-constrained wp-block-group-is-layout-constrained\">\n<p class=\"has-large-font-size\" style=\"font-style:normal;font-weight:500;line-height:1.2\">Unser umfassendes Paket professioneller Dienstleistungen richtet sich an einen vielf\u00e4ltigen Kundenkreis, der von der Automobilindustrie \u00fcber medizinische Ger\u00e4te, neues Energiemanagement, vernetzte Ger\u00e4te bis hin zum Internet der Dinge reicht. Von Prototypplatinen bis zur Massenproduktion \u2013 \u00fcberlassen Sie es uns und wir produzieren es f\u00fcr Sie.<\/p>\n\n\n\n<div style=\"height:var(--wp--preset--spacing--40)\" aria-hidden=\"true\" class=\"wp-block-spacer\"><\/div>\n\n\n\n<div class=\"wp-block-group is-layout-flow wp-block-group-is-layout-flow\">\n<figure class=\"wp-block-image size-large is-style-rounded is-style-rounded--3\"><img decoding=\"async\" width=\"768\" height=\"1024\" src=\"https:\/\/vohrum.com\/wp-content\/uploads\/2024\/12\/Pcba-prototype-768x1024.jpg\" alt=\"\" class=\"wp-image-1270\" style=\"aspect-ratio:9\/16;object-fit:cover\" srcset=\"https:\/\/vohrum.com\/wp-content\/uploads\/2024\/12\/Pcba-prototype-768x1024.jpg 768w, https:\/\/vohrum.com\/wp-content\/uploads\/2024\/12\/Pcba-prototype-225x300.jpg 225w, https:\/\/vohrum.com\/wp-content\/uploads\/2024\/12\/Pcba-prototype-1152x1536.jpg 1152w, https:\/\/vohrum.com\/wp-content\/uploads\/2024\/12\/Pcba-prototype-1536x2048.jpg 1536w, https:\/\/vohrum.com\/wp-content\/uploads\/2024\/12\/Pcba-prototype-9x12.jpg 9w, https:\/\/vohrum.com\/wp-content\/uploads\/2024\/12\/Pcba-prototype-scaled.jpg 1920w\" sizes=\"(max-width: 768px) 100vw, 768px\" \/><\/figure>\n<\/div>\n<\/div>\n<\/div>\n<\/div>\n<\/div>\n\n\n\n<p><\/p>","protected":false},"excerpt":{"rendered":"<p>Surface Mount Technology \/ Printed Circuit Board Assembly \u2014 Overview Printed Circuit Board Assembly (PCBA) services, with Surface Mount Technology (SMT), in-house Malaysia. Our electronics and electrical engineering expertise are at your disposal. We help you handle electronics boards of varying complexities, ensuring precision, efficiency, and quality in every assembly. How our Printed Circuit Board [&hellip;]<\/p>\n","protected":false},"author":2,"featured_media":0,"parent":0,"menu_order":0,"comment_status":"closed","ping_status":"closed","template":"","meta":{"_monsterinsights_skip_tracking":false,"_monsterinsights_sitenote_active":false,"_monsterinsights_sitenote_note":"","_monsterinsights_sitenote_category":0,"footnotes":""},"class_list":["post-1253","page","type-page","status-publish","hentry"],"yoast_head":"<!-- This site is optimized with the Yoast SEO Premium plugin v23.9 (Yoast SEO v27.5) - https:\/\/yoast.com\/product\/yoast-seo-premium-wordpress\/ -->\n<title>Printed Circuit Board Assembly and Surface Mount Technology - Vohrum Group<\/title>\n<meta name=\"robots\" content=\"index, follow, max-snippet:-1, max-image-preview:large, max-video-preview:-1\" \/>\n<link rel=\"canonical\" href=\"https:\/\/vohrum.com\/de\/leiterplattenbestuckung-und-oberflachenmontagetechnik\/\" \/>\n<meta property=\"og:locale\" content=\"de_DE\" \/>\n<meta property=\"og:type\" content=\"article\" \/>\n<meta property=\"og:title\" content=\"Printed Circuit Board Assembly and Surface Mount Technology\" \/>\n<meta property=\"og:description\" content=\"Surface Mount Technology \/ Printed Circuit Board Assembly \u2014 Overview Printed Circuit Board Assembly (PCBA) services, with Surface Mount Technology (SMT), in-house Malaysia. Our electronics and electrical engineering expertise are at your disposal. We help you handle electronics boards of varying complexities, ensuring precision, efficiency, and quality in every assembly. How our Printed Circuit Board [&hellip;]\" \/>\n<meta property=\"og:url\" content=\"https:\/\/vohrum.com\/de\/leiterplattenbestuckung-und-oberflachenmontagetechnik\/\" \/>\n<meta property=\"og:site_name\" content=\"Vohrum Group\" \/>\n<meta property=\"article:modified_time\" content=\"2024-12-26T05:10:15+00:00\" \/>\n<meta property=\"og:image\" content=\"https:\/\/vohrum.com\/wp-content\/uploads\/2024\/12\/1000058131.jpg\" \/>\n\t<meta property=\"og:image:width\" content=\"1170\" \/>\n\t<meta property=\"og:image:height\" content=\"440\" \/>\n\t<meta property=\"og:image:type\" content=\"image\/jpeg\" \/>\n<meta name=\"twitter:card\" content=\"summary_large_image\" \/>\n<meta name=\"twitter:label1\" content=\"Gesch\u00e4tzte Lesezeit\" \/>\n\t<meta name=\"twitter:data1\" content=\"3\u00a0Minuten\" \/>\n<script type=\"application\/ld+json\" class=\"yoast-schema-graph\">{\"@context\":\"https:\\\/\\\/schema.org\",\"@graph\":[{\"@type\":\"WebPage\",\"@id\":\"https:\\\/\\\/vohrum.com\\\/printed-circuit-board-assembly-and-surface-mount-technology\\\/\",\"url\":\"https:\\\/\\\/vohrum.com\\\/printed-circuit-board-assembly-and-surface-mount-technology\\\/\",\"name\":\"Printed Circuit Board Assembly and Surface Mount Technology - Vohrum Group\",\"isPartOf\":{\"@id\":\"https:\\\/\\\/vohrum.com\\\/#website\"},\"primaryImageOfPage\":{\"@id\":\"https:\\\/\\\/vohrum.com\\\/printed-circuit-board-assembly-and-surface-mount-technology\\\/#primaryimage\"},\"image\":{\"@id\":\"https:\\\/\\\/vohrum.com\\\/printed-circuit-board-assembly-and-surface-mount-technology\\\/#primaryimage\"},\"thumbnailUrl\":\"https:\\\/\\\/vohrum.com\\\/wp-content\\\/uploads\\\/2024\\\/12\\\/1000058131.jpg\",\"datePublished\":\"2024-12-26T04:33:11+00:00\",\"dateModified\":\"2024-12-26T05:10:15+00:00\",\"breadcrumb\":{\"@id\":\"https:\\\/\\\/vohrum.com\\\/printed-circuit-board-assembly-and-surface-mount-technology\\\/#breadcrumb\"},\"inLanguage\":\"de\",\"potentialAction\":[{\"@type\":\"ReadAction\",\"target\":[\"https:\\\/\\\/vohrum.com\\\/printed-circuit-board-assembly-and-surface-mount-technology\\\/\"]}]},{\"@type\":\"ImageObject\",\"inLanguage\":\"de\",\"@id\":\"https:\\\/\\\/vohrum.com\\\/printed-circuit-board-assembly-and-surface-mount-technology\\\/#primaryimage\",\"url\":\"https:\\\/\\\/vohrum.com\\\/wp-content\\\/uploads\\\/2024\\\/12\\\/1000058131.jpg\",\"contentUrl\":\"https:\\\/\\\/vohrum.com\\\/wp-content\\\/uploads\\\/2024\\\/12\\\/1000058131.jpg\"},{\"@type\":\"BreadcrumbList\",\"@id\":\"https:\\\/\\\/vohrum.com\\\/printed-circuit-board-assembly-and-surface-mount-technology\\\/#breadcrumb\",\"itemListElement\":[{\"@type\":\"ListItem\",\"position\":1,\"name\":\"Home\",\"item\":\"https:\\\/\\\/vohrum.com\\\/\"},{\"@type\":\"ListItem\",\"position\":2,\"name\":\"Printed Circuit Board Assembly and Surface Mount Technology\"}]},{\"@type\":\"WebSite\",\"@id\":\"https:\\\/\\\/vohrum.com\\\/#website\",\"url\":\"https:\\\/\\\/vohrum.com\\\/\",\"name\":\"Vohrum Group\",\"description\":\"Collaborate. Design. Manufacture\",\"publisher\":{\"@id\":\"https:\\\/\\\/vohrum.com\\\/#organization\"},\"potentialAction\":[{\"@type\":\"SearchAction\",\"target\":{\"@type\":\"EntryPoint\",\"urlTemplate\":\"https:\\\/\\\/vohrum.com\\\/?s={search_term_string}\"},\"query-input\":{\"@type\":\"PropertyValueSpecification\",\"valueRequired\":true,\"valueName\":\"search_term_string\"}}],\"inLanguage\":\"de\"},{\"@type\":\"Organization\",\"@id\":\"https:\\\/\\\/vohrum.com\\\/#organization\",\"name\":\"Vohrum Group\",\"url\":\"https:\\\/\\\/vohrum.com\\\/\",\"logo\":{\"@type\":\"ImageObject\",\"inLanguage\":\"de\",\"@id\":\"https:\\\/\\\/vohrum.com\\\/#\\\/schema\\\/logo\\\/image\\\/\",\"url\":\"https:\\\/\\\/vohrum.com\\\/wp-content\\\/uploads\\\/2023\\\/12\\\/Vohrum-logo-crop.png\",\"contentUrl\":\"https:\\\/\\\/vohrum.com\\\/wp-content\\\/uploads\\\/2023\\\/12\\\/Vohrum-logo-crop.png\",\"width\":1528,\"height\":366,\"caption\":\"Vohrum Group\"},\"image\":{\"@id\":\"https:\\\/\\\/vohrum.com\\\/#\\\/schema\\\/logo\\\/image\\\/\"}}]}<\/script>\n<!-- \/ Yoast SEO Premium plugin. -->","yoast_head_json":{"title":"Leiterplattenbest\u00fcckung und Oberfl\u00e4chenmontagetechnik - Vohrum Group","robots":{"index":"index","follow":"follow","max-snippet":"max-snippet:-1","max-image-preview":"max-image-preview:large","max-video-preview":"max-video-preview:-1"},"canonical":"https:\/\/vohrum.com\/de\/leiterplattenbestuckung-und-oberflachenmontagetechnik\/","og_locale":"de_DE","og_type":"article","og_title":"Printed Circuit Board Assembly and Surface Mount Technology","og_description":"Surface Mount Technology \/ Printed Circuit Board Assembly \u2014 Overview Printed Circuit Board Assembly (PCBA) services, with Surface Mount Technology (SMT), in-house Malaysia. Our electronics and electrical engineering expertise are at your disposal. We help you handle electronics boards of varying complexities, ensuring precision, efficiency, and quality in every assembly. How our Printed Circuit Board [&hellip;]","og_url":"https:\/\/vohrum.com\/de\/leiterplattenbestuckung-und-oberflachenmontagetechnik\/","og_site_name":"Vohrum Group","article_modified_time":"2024-12-26T05:10:15+00:00","og_image":[{"width":1170,"height":440,"url":"https:\/\/vohrum.com\/wp-content\/uploads\/2024\/12\/1000058131.jpg","type":"image\/jpeg"}],"twitter_card":"summary_large_image","twitter_misc":{"Gesch\u00e4tzte Lesezeit":"3\u00a0Minuten"},"schema":{"@context":"https:\/\/schema.org","@graph":[{"@type":"WebPage","@id":"https:\/\/vohrum.com\/printed-circuit-board-assembly-and-surface-mount-technology\/","url":"https:\/\/vohrum.com\/printed-circuit-board-assembly-and-surface-mount-technology\/","name":"Leiterplattenbest\u00fcckung und Oberfl\u00e4chenmontagetechnik - Vohrum Group","isPartOf":{"@id":"https:\/\/vohrum.com\/#website"},"primaryImageOfPage":{"@id":"https:\/\/vohrum.com\/printed-circuit-board-assembly-and-surface-mount-technology\/#primaryimage"},"image":{"@id":"https:\/\/vohrum.com\/printed-circuit-board-assembly-and-surface-mount-technology\/#primaryimage"},"thumbnailUrl":"https:\/\/vohrum.com\/wp-content\/uploads\/2024\/12\/1000058131.jpg","datePublished":"2024-12-26T04:33:11+00:00","dateModified":"2024-12-26T05:10:15+00:00","breadcrumb":{"@id":"https:\/\/vohrum.com\/printed-circuit-board-assembly-and-surface-mount-technology\/#breadcrumb"},"inLanguage":"de","potentialAction":[{"@type":"ReadAction","target":["https:\/\/vohrum.com\/printed-circuit-board-assembly-and-surface-mount-technology\/"]}]},{"@type":"ImageObject","inLanguage":"de","@id":"https:\/\/vohrum.com\/printed-circuit-board-assembly-and-surface-mount-technology\/#primaryimage","url":"https:\/\/vohrum.com\/wp-content\/uploads\/2024\/12\/1000058131.jpg","contentUrl":"https:\/\/vohrum.com\/wp-content\/uploads\/2024\/12\/1000058131.jpg"},{"@type":"BreadcrumbList","@id":"https:\/\/vohrum.com\/printed-circuit-board-assembly-and-surface-mount-technology\/#breadcrumb","itemListElement":[{"@type":"ListItem","position":1,"name":"Home","item":"https:\/\/vohrum.com\/"},{"@type":"ListItem","position":2,"name":"Printed Circuit Board Assembly and Surface Mount Technology"}]},{"@type":"WebSite","@id":"https:\/\/vohrum.com\/#website","url":"https:\/\/vohrum.com\/","name":"Vohrum-Gruppe","description":"Zusammenarbeiten. Entwerfen. Produzieren","publisher":{"@id":"https:\/\/vohrum.com\/#organization"},"potentialAction":[{"@type":"SearchAction","target":{"@type":"EntryPoint","urlTemplate":"https:\/\/vohrum.com\/?s={search_term_string}"},"query-input":{"@type":"PropertyValueSpecification","valueRequired":true,"valueName":"search_term_string"}}],"inLanguage":"de"},{"@type":"Organization","@id":"https:\/\/vohrum.com\/#organization","name":"Vohrum-Gruppe","url":"https:\/\/vohrum.com\/","logo":{"@type":"ImageObject","inLanguage":"de","@id":"https:\/\/vohrum.com\/#\/schema\/logo\/image\/","url":"https:\/\/vohrum.com\/wp-content\/uploads\/2023\/12\/Vohrum-logo-crop.png","contentUrl":"https:\/\/vohrum.com\/wp-content\/uploads\/2023\/12\/Vohrum-logo-crop.png","width":1528,"height":366,"caption":"Vohrum Group"},"image":{"@id":"https:\/\/vohrum.com\/#\/schema\/logo\/image\/"}}]}},"_links":{"self":[{"href":"https:\/\/vohrum.com\/de\/wp-json\/wp\/v2\/pages\/1253","targetHints":{"allow":["GET"]}}],"collection":[{"href":"https:\/\/vohrum.com\/de\/wp-json\/wp\/v2\/pages"}],"about":[{"href":"https:\/\/vohrum.com\/de\/wp-json\/wp\/v2\/types\/page"}],"author":[{"embeddable":true,"href":"https:\/\/vohrum.com\/de\/wp-json\/wp\/v2\/users\/2"}],"replies":[{"embeddable":true,"href":"https:\/\/vohrum.com\/de\/wp-json\/wp\/v2\/comments?post=1253"}],"version-history":[{"count":7,"href":"https:\/\/vohrum.com\/de\/wp-json\/wp\/v2\/pages\/1253\/revisions"}],"predecessor-version":[{"id":1279,"href":"https:\/\/vohrum.com\/de\/wp-json\/wp\/v2\/pages\/1253\/revisions\/1279"}],"wp:attachment":[{"href":"https:\/\/vohrum.com\/de\/wp-json\/wp\/v2\/media?parent=1253"}],"curies":[{"name":"wp","href":"https:\/\/api.w.org\/{rel}","templated":true}]}}