{"id":1098,"date":"2024-12-09T02:05:31","date_gmt":"2024-12-09T02:05:31","guid":{"rendered":"https:\/\/vohrum.com\/?page_id=1098"},"modified":"2024-12-27T23:04:41","modified_gmt":"2024-12-27T23:04:41","slug":"spritzguss","status":"publish","type":"page","link":"https:\/\/vohrum.com\/de\/spritzguss\/","title":{"rendered":"Spritzguss"},"content":{"rendered":"<div class=\"wp-block-group alignfull has-background has-global-padding is-layout-constrained wp-container-core-group-is-layout-669513ed wp-block-group-is-layout-constrained\" style=\"background-color:#0f6e93;margin-top:0;margin-bottom:0;padding-top:var(--wp--preset--spacing--50);padding-right:var(--wp--preset--spacing--50);padding-bottom:var(--wp--preset--spacing--50);padding-left:var(--wp--preset--spacing--50)\">\n<div class=\"wp-block-columns alignwide is-layout-flex wp-container-core-columns-is-layout-28f84493 wp-block-columns-is-layout-flex\">\n<div class=\"wp-block-column is-layout-flow wp-block-column-is-layout-flow\" style=\"flex-basis:40%\">\n<p class=\"has-base-2-color has-text-color has-link-color wp-elements-84d0524c341319b1e8d48a2042322276 wp-container-content-0733e5d0\"><strong>Spritzguss \u2014 \u00dcbersicht<\/strong><\/p>\n<\/div>\n\n\n\n<div class=\"wp-block-column is-layout-flow wp-block-column-is-layout-flow\" style=\"flex-basis:60%\">\n<p class=\"has-base-2-color has-text-color has-link-color has-heading-font-family has-x-large-font-size wp-elements-df85955ba351134c55ec74bbe0fd0b2e\" style=\"line-height:1.2\">Spritzguss, hier in Malaysia. Unsere Fachkompetenz im Maschinenbau bringt Ihre Idee vom Konzept zur Realit\u00e4t. Wir bieten Industriedesign, Prototyping, Design f\u00fcr die Fertigung, Designanalyse und Fertigung, um sicherzustellen, dass Ihre Produkte \u00e4sthetisch ansprechend, langlebig und funktional sind. Wir helfen Ihnen bei der Fertigung.<\/p>\n<\/div>\n<\/div>\n\n\n\n<figure class=\"wp-block-image alignwide size-large is-style-rounded is-style-rounded--1\"><img fetchpriority=\"high\" decoding=\"async\" width=\"1024\" height=\"761\" src=\"https:\/\/vohrum.com\/wp-content\/uploads\/2024\/12\/1000051546-1024x761.jpg\" alt=\"\" class=\"wp-image-1127\" srcset=\"https:\/\/vohrum.com\/wp-content\/uploads\/2024\/12\/1000051546-1024x761.jpg 1024w, https:\/\/vohrum.com\/wp-content\/uploads\/2024\/12\/1000051546-300x223.jpg 300w, https:\/\/vohrum.com\/wp-content\/uploads\/2024\/12\/1000051546-768x571.jpg 768w, https:\/\/vohrum.com\/wp-content\/uploads\/2024\/12\/1000051546-1536x1141.jpg 1536w, https:\/\/vohrum.com\/wp-content\/uploads\/2024\/12\/1000051546-2048x1522.jpg 2048w, https:\/\/vohrum.com\/wp-content\/uploads\/2024\/12\/1000051546-16x12.jpg 16w\" sizes=\"(max-width: 1024px) 100vw, 1024px\" \/><\/figure>\n<\/div>\n\n\n\n<div class=\"wp-block-group alignfull has-base-background-color has-background has-global-padding is-layout-constrained wp-container-core-group-is-layout-d89aad35 wp-block-group-is-layout-constrained\" style=\"margin-top:0;margin-bottom:0;padding-top:var(--wp--preset--spacing--50);padding-right:var(--wp--preset--spacing--50);padding-bottom:var(--wp--preset--spacing--50);padding-left:var(--wp--preset--spacing--50)\">\n<div class=\"wp-block-columns alignwide is-layout-flex wp-container-core-columns-is-layout-549b0c86 wp-block-columns-is-layout-flex\">\n<div class=\"wp-block-column has-global-padding is-content-justification-left is-layout-constrained wp-container-core-column-is-layout-4f15e8fe wp-block-column-is-layout-constrained\" style=\"flex-basis:40%\">\n<p><strong>Wie ein guter Spritzgusspartner Ihr Fertigungserlebnis ver\u00e4ndert<\/strong><\/p>\n<\/div>\n\n\n\n<div class=\"wp-block-column is-layout-flow wp-container-core-column-is-layout-119bc444 wp-block-column-is-layout-flow\" style=\"flex-basis:60%\">\n<p class=\"has-heading-font-family has-x-large-font-size\" style=\"line-height:1.2\">Mit akribischer Liebe zum Detail und dem Engagement f\u00fcr Spitzenleistungen helfen wir Ihnen beim Spritzgie\u00dfen und vereinfachen Ihre Produktentwicklung<\/p>\n\n\n\n<div class=\"wp-block-columns is-layout-flex wp-container-core-columns-is-layout-87beb0d0 wp-block-columns-is-layout-flex\">\n<div class=\"wp-block-column is-layout-flow wp-block-column-is-layout-flow\">\n<p class=\"wp-container-content-9cfa9a5a\">Wir konzentrieren <strong>EINE MENGE<\/strong> in der Design for Manufacturing (DFM)-Phase, um sicherzustellen, dass das Ergebnis bei der Massenproduktion den Erwartungen entspricht.<\/p>\n\n\n\n<p><strong>Warum?<\/strong><\/p>\n\n\n\n<p>Denn gutes Formen beginnt mit der Herstellung guter Werkzeuge. Und die Ergebnisse k\u00f6nnen mit Software simuliert werden. Der gesamte Formprozess: Klemmen, Einspritzen, K\u00fchlen, Auswerfen ist wissenschaftlicher Natur.<\/p>\n\n\n\n<p><strong>Was erreichen Sie mit unserer Hilfe?<\/strong><\/p>\n\n\n\n<p>Qualit\u00e4t. Konsistenz von Hohlraum zu Hohlraum, Konsistenz von Schuss zu Schuss und Konsistenz von Lauf zu Lauf.<\/p>\n<\/div>\n\n\n\n<div class=\"wp-block-column is-layout-flow wp-block-column-is-layout-flow\">\n<p>Zu den f\u00fcnf kritischen Faktoren beim Spritzgie\u00dfen geh\u00f6ren:<\/p>\n\n\n\n<ul class=\"wp-block-list\">\n<li>Teiledesign<\/li>\n\n\n\n<li>Materialauswahl<\/li>\n\n\n\n<li>Formenbau und -herstellung<\/li>\n\n\n\n<li>Formmaschine<\/li>\n\n\n\n<li>Formprozess<\/li>\n<\/ul>\n\n\n\n<p>Alle oben genannten Faktoren tragen zu einem erfolgreichen Formvorgang bei und gew\u00e4hrleisten qualitativ hochwertige Teile, Produktionseffizienz und Kosteneffektivit\u00e4t. <\/p>\n<\/div>\n<\/div>\n<\/div>\n<\/div>\n<\/div>\n\n\n\n<div class=\"wp-block-cover alignfull is-light has-parallax\" style=\"padding-top:var(--wp--preset--spacing--50);padding-right:var(--wp--preset--spacing--50);padding-bottom:var(--wp--preset--spacing--50);padding-left:var(--wp--preset--spacing--50);min-height:100vh;aspect-ratio:unset;\"><span aria-hidden=\"true\" class=\"wp-block-cover__background has-base-background-color has-background-dim-0 has-background-dim\"><\/span><div class=\"wp-block-cover__image-background wp-image-1129 has-parallax\" style=\"background-position:50% 50%;background-image:url(https:\/\/vohrum.com\/wp-content\/uploads\/2024\/12\/1000051548.jpg)\"><\/div><div class=\"wp-block-cover__inner-container has-global-padding is-layout-constrained wp-container-core-cover-is-layout-e4fd886c wp-block-cover-is-layout-constrained\">\n<div style=\"height:500px\" aria-hidden=\"true\" class=\"wp-block-spacer\"><\/div>\n<\/div><\/div>\n\n\n\n<div class=\"wp-block-group alignfull has-base-2-background-color has-background has-global-padding is-layout-constrained wp-container-core-group-is-layout-7cd14b77 wp-block-group-is-layout-constrained\" style=\"margin-top:0;margin-bottom:0;padding-top:var(--wp--preset--spacing--60);padding-right:var(--wp--preset--spacing--60);padding-bottom:var(--wp--preset--spacing--60);padding-left:var(--wp--preset--spacing--60)\">\n<div class=\"wp-block-group alignwide is-layout-flow wp-block-group-is-layout-flow\">\n<div style=\"height:var(--wp--preset--spacing--50)\" aria-hidden=\"true\" class=\"wp-block-spacer\"><\/div>\n\n\n\n<p class=\"has-text-align-center has-heading-font-family has-x-large-font-size\" style=\"font-style:normal;font-weight:400;line-height:1.2\">Beim wissenschaftlichen Spritzgie\u00dfen wird durch die Anwendung der zugrunde liegenden wissenschaftlichen Prinzipien, welche die Parameter des Spritzgussprozesses steuern, eine gleichbleibende Teilequalit\u00e4t erreicht.<\/p>\n\n\n\n<p>Zu den Schl\u00fcsselfaktoren beim Spritzgie\u00dfen z\u00e4hlen die Einrichtung der Systeme, Dr\u00fccke, Temperaturen und der genaue Zeitpunkt w\u00e4hrend des Spritzzyklus.<\/p>\n\n\n\n<p>Diese Elemente spielen im gesamten Formprozess eine entscheidende Rolle und beeinflussen Faktoren wie Formdesign, Haltedruck und Schmelztemperatur. Jeder Schritt im Spritzgussverfahren, von der Materialauswahl bis zum endg\u00fcltigen Auswerfen des Teils, wirkt sich erheblich auf die Qualit\u00e4t und Effizienz der Formteile aus.<\/p>\n\n\n\n<p>Das Verst\u00e4ndnis der Feinheiten des Spritzgussverfahrens ist unerl\u00e4sslich, um Defekte zu minimieren und sicherzustellen, dass die Endprodukte strenge Qualit\u00e4tsstandards erf\u00fcllen. Durch die Optimierung jeder Phase k\u00f6nnen Hersteller die Produktionseffizienz steigern und eine maximale Produktion erreichen.<\/p>\n\n\n\n<p>Lesen Sie mehr \u00fcber<a href=\"https:\/\/vohrum.com\/de\/etikett\/spritzguss\/\"> Spritzguss auf unserem Blog hier!<\/a><\/p>\n\n\n\n<div style=\"height:var(--wp--preset--spacing--50)\" aria-hidden=\"true\" class=\"wp-block-spacer\"><\/div>\n<\/div>\n<\/div>\n\n\n\n<div class=\"wp-block-group alignfull has-base-2-color has-contrast-background-color has-text-color has-background has-link-color wp-elements-38be80bce2262a75ed7b9e6ac8d14f25 has-global-padding is-layout-constrained wp-container-core-group-is-layout-facafb6f wp-block-group-is-layout-constrained\" style=\"margin-top:0;margin-bottom:0;padding-top:var(--wp--preset--spacing--50);padding-right:var(--wp--preset--spacing--50);padding-bottom:var(--wp--preset--spacing--50);padding-left:var(--wp--preset--spacing--50)\">\n<div class=\"wp-block-columns alignwide is-layout-flex wp-container-core-columns-is-layout-d1c656ed wp-block-columns-is-layout-flex\">\n<div class=\"wp-block-column is-vertically-aligned-stretch is-layout-flow wp-block-column-is-layout-flow\" style=\"padding-right:0;flex-basis:60%\">\n<div class=\"wp-block-group is-vertical is-content-justification-stretch is-layout-flex wp-container-core-group-is-layout-ae24f51d wp-block-group-is-layout-flex\" style=\"min-height:100%\">\n<figure class=\"wp-block-image size-full is-style-rounded is-style-rounded--2\"><img decoding=\"async\" width=\"936\" height=\"500\" src=\"https:\/\/vohrum.com\/wp-content\/uploads\/2024\/10\/Mould-flow-analysis-1.png\" alt=\"\" class=\"wp-image-677\" style=\"aspect-ratio:9\/16;object-fit:cover\" srcset=\"https:\/\/vohrum.com\/wp-content\/uploads\/2024\/10\/Mould-flow-analysis-1.png 936w, https:\/\/vohrum.com\/wp-content\/uploads\/2024\/10\/Mould-flow-analysis-1-300x160.png 300w, https:\/\/vohrum.com\/wp-content\/uploads\/2024\/10\/Mould-flow-analysis-1-768x410.png 768w\" sizes=\"(max-width: 936px) 100vw, 936px\" \/><\/figure>\n\n\n\n<p class=\"has-medium-font-size\"><\/p>\n<\/div>\n<\/div>\n\n\n\n<div class=\"wp-block-column is-layout-flow wp-block-column-is-layout-flow\" style=\"flex-basis:40%\">\n<div class=\"wp-block-group has-global-padding is-layout-constrained wp-block-group-is-layout-constrained\">\n<p class=\"has-large-font-size\" style=\"font-style:normal;font-weight:500;line-height:1.2\">Unser umfassendes Paket professioneller Dienstleistungen richtet sich an einen vielf\u00e4ltigen Kundenstamm aus den Bereichen Automobil, Medizintechnik, Elektronik, neues Energiemanagement, Sportger\u00e4te, Internet der Dinge usw. <\/p>\n\n\n\n<div style=\"height:var(--wp--preset--spacing--40)\" aria-hidden=\"true\" class=\"wp-block-spacer\"><\/div>\n\n\n\n<div class=\"wp-block-group is-layout-flow wp-block-group-is-layout-flow\">\n<figure class=\"wp-block-image size-large is-style-rounded is-style-rounded--3\"><img decoding=\"async\" width=\"936\" height=\"1024\" src=\"https:\/\/vohrum.com\/wp-content\/uploads\/2024\/11\/injection-moulding-tooling_20241108_210458-936x1024.png\" alt=\"\" class=\"wp-image-747\" style=\"aspect-ratio:9\/16;object-fit:cover\" srcset=\"https:\/\/vohrum.com\/wp-content\/uploads\/2024\/11\/injection-moulding-tooling_20241108_210458-936x1024.png 936w, https:\/\/vohrum.com\/wp-content\/uploads\/2024\/11\/injection-moulding-tooling_20241108_210458-274x300.png 274w, https:\/\/vohrum.com\/wp-content\/uploads\/2024\/11\/injection-moulding-tooling_20241108_210458-768x841.png 768w, https:\/\/vohrum.com\/wp-content\/uploads\/2024\/11\/injection-moulding-tooling_20241108_210458-11x12.png 11w, https:\/\/vohrum.com\/wp-content\/uploads\/2024\/11\/injection-moulding-tooling_20241108_210458.png 1080w\" sizes=\"(max-width: 936px) 100vw, 936px\" \/><\/figure>\n<\/div>\n<\/div>\n<\/div>\n<\/div>\n<\/div>\n\n\n\n<p><\/p>","protected":false},"excerpt":{"rendered":"<p>Injection Moulding \u2014 Overview Injection moulding, here in Malaysia. Our mechanical engineering expertise takes your idea from concept to reality. We offer industrial design, prototyping, design for manufacturing, design analysis and manufacturing to ensure that your products are aesthetically pleasing, durable and functional. Let us help you worry about the manufacturing. How a good injection [&hellip;]<\/p>\n","protected":false},"author":2,"featured_media":1129,"parent":0,"menu_order":0,"comment_status":"closed","ping_status":"closed","template":"","meta":{"_monsterinsights_skip_tracking":false,"_monsterinsights_sitenote_active":false,"_monsterinsights_sitenote_note":"","_monsterinsights_sitenote_category":0,"footnotes":""},"class_list":["post-1098","page","type-page","status-publish","has-post-thumbnail","hentry"],"yoast_head":"<!-- This site is optimized with the Yoast SEO Premium plugin v23.9 (Yoast SEO v27.5) - https:\/\/yoast.com\/product\/yoast-seo-premium-wordpress\/ -->\n<title>Injection Moulding: Taking Your Idea from Concept to Reality - Vohrum Group<\/title>\n<meta name=\"description\" content=\"Discover how attention to detail and excellence in injection moulding can transform your product development experience.\" \/>\n<meta name=\"robots\" content=\"index, follow, max-snippet:-1, max-image-preview:large, max-video-preview:-1\" \/>\n<link rel=\"canonical\" href=\"https:\/\/vohrum.com\/de\/spritzguss\/\" \/>\n<meta property=\"og:locale\" content=\"de_DE\" \/>\n<meta property=\"og:type\" content=\"article\" \/>\n<meta property=\"og:title\" content=\"Injection Moulding: From Concept to Reality\" \/>\n<meta property=\"og:description\" content=\"Transform your manufacturing experience with a reliable injection moulding partner. Our expertise in design for manufacturing ensures high-quality results for mass production.\" \/>\n<meta property=\"og:url\" content=\"https:\/\/vohrum.com\/de\/spritzguss\/\" \/>\n<meta property=\"og:site_name\" content=\"Vohrum Group\" \/>\n<meta property=\"article:modified_time\" content=\"2024-12-27T23:04:41+00:00\" \/>\n<meta property=\"og:image\" content=\"https:\/\/vohrum.com\/wp-content\/uploads\/2024\/12\/1000051548.jpg\" \/>\n\t<meta property=\"og:image:width\" content=\"1170\" \/>\n\t<meta property=\"og:image:height\" content=\"440\" \/>\n\t<meta property=\"og:image:type\" content=\"image\/jpeg\" \/>\n<meta name=\"twitter:card\" content=\"summary_large_image\" \/>\n<meta name=\"twitter:title\" content=\"Injection Moulding\" \/>\n<meta name=\"twitter:label1\" content=\"Gesch\u00e4tzte Lesezeit\" \/>\n\t<meta name=\"twitter:data1\" content=\"3\u00a0Minuten\" \/>\n<script type=\"application\/ld+json\" class=\"yoast-schema-graph\">{\"@context\":\"https:\\\/\\\/schema.org\",\"@graph\":[{\"@type\":\"WebPage\",\"@id\":\"https:\\\/\\\/vohrum.com\\\/injection-moulding\\\/\",\"url\":\"https:\\\/\\\/vohrum.com\\\/injection-moulding\\\/\",\"name\":\"Injection Moulding: Taking Your Idea from Concept to Reality - Vohrum Group\",\"isPartOf\":{\"@id\":\"https:\\\/\\\/vohrum.com\\\/#website\"},\"primaryImageOfPage\":{\"@id\":\"https:\\\/\\\/vohrum.com\\\/injection-moulding\\\/#primaryimage\"},\"image\":{\"@id\":\"https:\\\/\\\/vohrum.com\\\/injection-moulding\\\/#primaryimage\"},\"thumbnailUrl\":\"https:\\\/\\\/vohrum.com\\\/wp-content\\\/uploads\\\/2024\\\/12\\\/1000051548.jpg\",\"datePublished\":\"2024-12-09T02:05:31+00:00\",\"dateModified\":\"2024-12-27T23:04:41+00:00\",\"description\":\"Discover how attention to detail and excellence in injection moulding can transform your product development experience.\",\"breadcrumb\":{\"@id\":\"https:\\\/\\\/vohrum.com\\\/injection-moulding\\\/#breadcrumb\"},\"inLanguage\":\"de\",\"potentialAction\":[{\"@type\":\"ReadAction\",\"target\":[\"https:\\\/\\\/vohrum.com\\\/injection-moulding\\\/\"]}]},{\"@type\":\"ImageObject\",\"inLanguage\":\"de\",\"@id\":\"https:\\\/\\\/vohrum.com\\\/injection-moulding\\\/#primaryimage\",\"url\":\"https:\\\/\\\/vohrum.com\\\/wp-content\\\/uploads\\\/2024\\\/12\\\/1000051548.jpg\",\"contentUrl\":\"https:\\\/\\\/vohrum.com\\\/wp-content\\\/uploads\\\/2024\\\/12\\\/1000051548.jpg\",\"width\":1170,\"height\":440},{\"@type\":\"BreadcrumbList\",\"@id\":\"https:\\\/\\\/vohrum.com\\\/injection-moulding\\\/#breadcrumb\",\"itemListElement\":[{\"@type\":\"ListItem\",\"position\":1,\"name\":\"Home\",\"item\":\"https:\\\/\\\/vohrum.com\\\/\"},{\"@type\":\"ListItem\",\"position\":2,\"name\":\"Injection Moulding\"}]},{\"@type\":\"WebSite\",\"@id\":\"https:\\\/\\\/vohrum.com\\\/#website\",\"url\":\"https:\\\/\\\/vohrum.com\\\/\",\"name\":\"Vohrum Group\",\"description\":\"Collaborate. Design. Manufacture\",\"publisher\":{\"@id\":\"https:\\\/\\\/vohrum.com\\\/#organization\"},\"potentialAction\":[{\"@type\":\"SearchAction\",\"target\":{\"@type\":\"EntryPoint\",\"urlTemplate\":\"https:\\\/\\\/vohrum.com\\\/?s={search_term_string}\"},\"query-input\":{\"@type\":\"PropertyValueSpecification\",\"valueRequired\":true,\"valueName\":\"search_term_string\"}}],\"inLanguage\":\"de\"},{\"@type\":\"Organization\",\"@id\":\"https:\\\/\\\/vohrum.com\\\/#organization\",\"name\":\"Vohrum Group\",\"url\":\"https:\\\/\\\/vohrum.com\\\/\",\"logo\":{\"@type\":\"ImageObject\",\"inLanguage\":\"de\",\"@id\":\"https:\\\/\\\/vohrum.com\\\/#\\\/schema\\\/logo\\\/image\\\/\",\"url\":\"https:\\\/\\\/vohrum.com\\\/wp-content\\\/uploads\\\/2023\\\/12\\\/Vohrum-logo-crop.png\",\"contentUrl\":\"https:\\\/\\\/vohrum.com\\\/wp-content\\\/uploads\\\/2023\\\/12\\\/Vohrum-logo-crop.png\",\"width\":1528,\"height\":366,\"caption\":\"Vohrum Group\"},\"image\":{\"@id\":\"https:\\\/\\\/vohrum.com\\\/#\\\/schema\\\/logo\\\/image\\\/\"}}]}<\/script>\n<!-- \/ Yoast SEO Premium plugin. -->","yoast_head_json":{"title":"Spritzguss: So wird Ihre Idee Wirklichkeit - Vohrum Group","description":"Entdecken Sie, wie Liebe zum Detail und hervorragende Qualit\u00e4t im Spritzguss Ihre Produktentwicklung ver\u00e4ndern k\u00f6nnen.","robots":{"index":"index","follow":"follow","max-snippet":"max-snippet:-1","max-image-preview":"max-image-preview:large","max-video-preview":"max-video-preview:-1"},"canonical":"https:\/\/vohrum.com\/de\/spritzguss\/","og_locale":"de_DE","og_type":"article","og_title":"Injection Moulding: From Concept to Reality","og_description":"Transform your manufacturing experience with a reliable injection moulding partner. Our expertise in design for manufacturing ensures high-quality results for mass production.","og_url":"https:\/\/vohrum.com\/de\/spritzguss\/","og_site_name":"Vohrum Group","article_modified_time":"2024-12-27T23:04:41+00:00","og_image":[{"width":1170,"height":440,"url":"https:\/\/vohrum.com\/wp-content\/uploads\/2024\/12\/1000051548.jpg","type":"image\/jpeg"}],"twitter_card":"summary_large_image","twitter_title":"Injection Moulding","twitter_misc":{"Gesch\u00e4tzte Lesezeit":"3\u00a0Minuten"},"schema":{"@context":"https:\/\/schema.org","@graph":[{"@type":"WebPage","@id":"https:\/\/vohrum.com\/injection-moulding\/","url":"https:\/\/vohrum.com\/injection-moulding\/","name":"Spritzguss: So wird Ihre Idee Wirklichkeit - Vohrum Group","isPartOf":{"@id":"https:\/\/vohrum.com\/#website"},"primaryImageOfPage":{"@id":"https:\/\/vohrum.com\/injection-moulding\/#primaryimage"},"image":{"@id":"https:\/\/vohrum.com\/injection-moulding\/#primaryimage"},"thumbnailUrl":"https:\/\/vohrum.com\/wp-content\/uploads\/2024\/12\/1000051548.jpg","datePublished":"2024-12-09T02:05:31+00:00","dateModified":"2024-12-27T23:04:41+00:00","description":"Entdecken Sie, wie Liebe zum Detail und hervorragende Qualit\u00e4t im Spritzguss Ihre Produktentwicklung ver\u00e4ndern k\u00f6nnen.","breadcrumb":{"@id":"https:\/\/vohrum.com\/injection-moulding\/#breadcrumb"},"inLanguage":"de","potentialAction":[{"@type":"ReadAction","target":["https:\/\/vohrum.com\/injection-moulding\/"]}]},{"@type":"ImageObject","inLanguage":"de","@id":"https:\/\/vohrum.com\/injection-moulding\/#primaryimage","url":"https:\/\/vohrum.com\/wp-content\/uploads\/2024\/12\/1000051548.jpg","contentUrl":"https:\/\/vohrum.com\/wp-content\/uploads\/2024\/12\/1000051548.jpg","width":1170,"height":440},{"@type":"BreadcrumbList","@id":"https:\/\/vohrum.com\/injection-moulding\/#breadcrumb","itemListElement":[{"@type":"ListItem","position":1,"name":"Home","item":"https:\/\/vohrum.com\/"},{"@type":"ListItem","position":2,"name":"Injection Moulding"}]},{"@type":"WebSite","@id":"https:\/\/vohrum.com\/#website","url":"https:\/\/vohrum.com\/","name":"Vohrum-Gruppe","description":"Zusammenarbeiten. Entwerfen. Produzieren","publisher":{"@id":"https:\/\/vohrum.com\/#organization"},"potentialAction":[{"@type":"SearchAction","target":{"@type":"EntryPoint","urlTemplate":"https:\/\/vohrum.com\/?s={search_term_string}"},"query-input":{"@type":"PropertyValueSpecification","valueRequired":true,"valueName":"search_term_string"}}],"inLanguage":"de"},{"@type":"Organization","@id":"https:\/\/vohrum.com\/#organization","name":"Vohrum-Gruppe","url":"https:\/\/vohrum.com\/","logo":{"@type":"ImageObject","inLanguage":"de","@id":"https:\/\/vohrum.com\/#\/schema\/logo\/image\/","url":"https:\/\/vohrum.com\/wp-content\/uploads\/2023\/12\/Vohrum-logo-crop.png","contentUrl":"https:\/\/vohrum.com\/wp-content\/uploads\/2023\/12\/Vohrum-logo-crop.png","width":1528,"height":366,"caption":"Vohrum Group"},"image":{"@id":"https:\/\/vohrum.com\/#\/schema\/logo\/image\/"}}]}},"_links":{"self":[{"href":"https:\/\/vohrum.com\/de\/wp-json\/wp\/v2\/pages\/1098","targetHints":{"allow":["GET"]}}],"collection":[{"href":"https:\/\/vohrum.com\/de\/wp-json\/wp\/v2\/pages"}],"about":[{"href":"https:\/\/vohrum.com\/de\/wp-json\/wp\/v2\/types\/page"}],"author":[{"embeddable":true,"href":"https:\/\/vohrum.com\/de\/wp-json\/wp\/v2\/users\/2"}],"replies":[{"embeddable":true,"href":"https:\/\/vohrum.com\/de\/wp-json\/wp\/v2\/comments?post=1098"}],"version-history":[{"count":9,"href":"https:\/\/vohrum.com\/de\/wp-json\/wp\/v2\/pages\/1098\/revisions"}],"predecessor-version":[{"id":1531,"href":"https:\/\/vohrum.com\/de\/wp-json\/wp\/v2\/pages\/1098\/revisions\/1531"}],"wp:featuredmedia":[{"embeddable":true,"href":"https:\/\/vohrum.com\/de\/wp-json\/wp\/v2\/media\/1129"}],"wp:attachment":[{"href":"https:\/\/vohrum.com\/de\/wp-json\/wp\/v2\/media?parent=1098"}],"curies":[{"name":"wp","href":"https:\/\/api.w.org\/{rel}","templated":true}]}}